{"id":943,"date":"2024-05-06T15:37:07","date_gmt":"2024-05-06T15:37:07","guid":{"rendered":"https:\/\/thp-naturheilkunde.de\/?page_id=943"},"modified":"2024-05-06T16:41:08","modified_gmt":"2024-05-06T16:41:08","slug":"sterbebegleitung","status":"publish","type":"page","link":"https:\/\/thp-naturheilkunde.de\/?page_id=943","title":{"rendered":"Sterbebegleitung"},"content":{"rendered":"\n<p>W\u00e4hrend meiner mittlerweile \u00fcber 15-j\u00e4hrigen T\u00e4tigkeit als Tierheilpraktikerin habe ich schon viele Abschiede begleitet. Besonders wenn ich Tiere viele Jahre begleiten durfte, ist auch eine enge Verbindung und ein tiefes Vertrauen zu den Menschen entstanden, was die Gespr\u00e4che rund um dieses Thema erleichtern. Das muss aber nicht Vorrausetzung sein, manchmal entstehen diese tief verbindenden Gespr\u00e4che einfach am Telefon, ohne dass wir uns vorher jemals begegnet sind.<\/p>\n\n\n\n<p>Durch meine langj\u00e4hrige Vipassana-Praxis (Danke, Adriaan und Kati) habe ich ein anderes Verst\u00e4ndnis, einen anderen Blick f\u00fcr den Tod bekommen, er geh\u00f6rt zum Leben dazu.<\/p>\n\n\n\n<p><em>Alles was eine Geburt erleben darf, wird auch sterben.<\/em><\/p>\n\n\n\n<p>Und nur wenn wir das wirklich verinnerlicht haben und f\u00fchlen k\u00f6nnen, darf die Angst gehen und es entsteht etwas ganz unfassbar Sch\u00f6nes. Es ist ein Geschenk sein geliebtes Tier in absolutem Frieden, voller Liebe zu begleiten.<\/p>\n\n\n\n<p>Ich erinnere mich so gut an den Moment, in dem meine 17j\u00e4hrige Parson Russell Terrier sich auf den Weg gemacht hat \u2026<\/p>\n\n\n\n<p>Um den Prozess des Loslassens zu unterst\u00fctzen, arbeite ich besonders gerne mit hom\u00f6opathischen Mitteln und Australischen Buschbl\u00fcten.<\/p>\n\n\n\n<p>Wenn Sie Gespr\u00e4chsbedarf haben, melden Sie sich gerne.Es kann auch erleichternd sein, ein paar Dinge schon vorher zu besprechen und zu regeln.<\/p>\n\n\n\n<p>Ich w\u00fcnsche Ihnen von Herzen all die Kraft und Liebe, die Sie jetzt bei diesem Weg mit Ihrem Tier brauchen.<\/p>\n\n\n\n<div style=\"height:30px\" aria-hidden=\"true\" class=\"wp-block-spacer\"><\/div>\n\n\n\n<p class=\"has-medium-font-size\">In Erinnerung:<\/p>\n\n\n\n<div class=\"wp-block-columns is-layout-flex wp-container-core-columns-is-layout-9d6595d7 wp-block-columns-is-layout-flex\">\n<div class=\"wp-block-column is-layout-flow wp-block-column-is-layout-flow\"><div class=\"wp-block-image is-style-rounded wp-duotone-grayscale\">\n<figure class=\"aligncenter size-medium\"><img fetchpriority=\"high\" decoding=\"async\" width=\"300\" height=\"300\" src=\"https:\/\/thp-naturheilkunde.de\/wp-content\/uploads\/2024\/05\/55bea-edited-300x300.jpg\" alt=\"\" class=\"wp-image-950\" srcset=\"https:\/\/thp-naturheilkunde.de\/wp-content\/uploads\/2024\/05\/55bea-edited-300x300.jpg 300w, https:\/\/thp-naturheilkunde.de\/wp-content\/uploads\/2024\/05\/55bea-edited-1024x1024.jpg 1024w, https:\/\/thp-naturheilkunde.de\/wp-content\/uploads\/2024\/05\/55bea-edited-150x150.jpg 150w, https:\/\/thp-naturheilkunde.de\/wp-content\/uploads\/2024\/05\/55bea-edited-768x768.jpg 768w, https:\/\/thp-naturheilkunde.de\/wp-content\/uploads\/2024\/05\/55bea-edited-1536x1536.jpg 1536w, https:\/\/thp-naturheilkunde.de\/wp-content\/uploads\/2024\/05\/55bea-edited-1140x1140.jpg 1140w, https:\/\/thp-naturheilkunde.de\/wp-content\/uploads\/2024\/05\/55bea-edited-75x75.jpg 75w, https:\/\/thp-naturheilkunde.de\/wp-content\/uploads\/2024\/05\/55bea-edited.jpg 1956w\" sizes=\"(max-width: 300px) 100vw, 300px\" \/><figcaption class=\"wp-element-caption\"><em>Sir Henry <\/em><br><em>(10. April 2003 \u2013 6. Mai 2017)<br>Du bist nicht mehr da, wo du warst \u2013 <\/em><br><em>aber du bist \u00fcberall, wo wir sind.<\/em><\/figcaption><\/figure><\/div><\/div>\n\n\n\n<div class=\"wp-block-column is-layout-flow wp-block-column-is-layout-flow\"><div class=\"wp-block-image is-style-rounded wp-duotone-grayscale\">\n<figure class=\"aligncenter size-medium\"><img decoding=\"async\" width=\"300\" height=\"300\" src=\"https:\/\/thp-naturheilkunde.de\/wp-content\/uploads\/2024\/05\/94-edited-300x300.jpg\" alt=\"\" class=\"wp-image-948\" srcset=\"https:\/\/thp-naturheilkunde.de\/wp-content\/uploads\/2024\/05\/94-edited-300x300.jpg 300w, https:\/\/thp-naturheilkunde.de\/wp-content\/uploads\/2024\/05\/94-edited-1024x1024.jpg 1024w, https:\/\/thp-naturheilkunde.de\/wp-content\/uploads\/2024\/05\/94-edited-150x150.jpg 150w, https:\/\/thp-naturheilkunde.de\/wp-content\/uploads\/2024\/05\/94-edited-768x768.jpg 768w, https:\/\/thp-naturheilkunde.de\/wp-content\/uploads\/2024\/05\/94-edited-1140x1140.jpg 1140w, https:\/\/thp-naturheilkunde.de\/wp-content\/uploads\/2024\/05\/94-edited-75x75.jpg 75w, https:\/\/thp-naturheilkunde.de\/wp-content\/uploads\/2024\/05\/94-edited.jpg 1215w\" sizes=\"(max-width: 300px) 100vw, 300px\" \/><figcaption class=\"wp-element-caption\"><em>Aiske <\/em><br><em>(12. M\u00e4rz 2004 \u2013 20. April 2021)<\/em><br><em>Nichts ist wie Du, nichts war wie Du, <\/em><br><em>nichts wird je wie Du sein.<\/em><\/figcaption><\/figure><\/div><\/div>\n<\/div>\n","protected":false},"excerpt":{"rendered":"<p>W\u00e4hrend meiner mittlerweile \u00fcber 15-j\u00e4hrigen T\u00e4tigkeit als Tierheilpraktikerin habe ich schon viele Abschiede begleitet. Besonders wenn ich Tiere viele Jahre begleiten durfte, ist auch eine enge Verbindung und ein tiefes Vertrauen zu den Menschen entstanden, was die Gespr\u00e4che rund um dieses Thema erleichtern. Das muss aber nicht Vorrausetzung sein, manchmal entstehen diese tief verbindenden Gespr\u00e4che einfach am Telefon, ohne dass wir uns vorher jemals begegnet sind. Durch meine langj\u00e4hrige Vipassana-Praxis (Danke, Adriaan und Kati) habe ich ein anderes Verst\u00e4ndnis, einen anderen Blick f\u00fcr den Tod bekommen, er geh\u00f6rt zum Leben dazu. Alles was eine Geburt erleben darf, wird auch sterben. Und nur wenn wir das wirklich verinnerlicht haben und f\u00fchlen k\u00f6nnen, darf die Angst gehen und es entsteht etwas ganz unfassbar Sch\u00f6nes. Es ist ein Geschenk sein geliebtes Tier in absolutem Frieden, voller Liebe zu begleiten. Ich erinnere mich so gut an den Moment, in dem meine 17j\u00e4hrige Parson Russell Terrier sich auf den Weg gemacht hat \u2026 Um den Prozess des Loslassens zu unterst\u00fctzen, arbeite ich besonders gerne mit hom\u00f6opathischen Mitteln und Australischen Buschbl\u00fcten. Wenn Sie Gespr\u00e4chsbedarf haben, melden Sie sich gerne.Es kann auch erleichternd sein, ein paar Dinge schon vorher zu besprechen und zu regeln. Ich w\u00fcnsche Ihnen von Herzen all die Kraft und Liebe, die Sie jetzt bei diesem Weg mit Ihrem Tier brauchen. In Erinnerung:<\/p>\n","protected":false},"author":1,"featured_media":944,"parent":0,"menu_order":0,"comment_status":"closed","ping_status":"closed","template":"","meta":{"footnotes":""},"class_list":["post-943","page","type-page","status-publish","has-post-thumbnail","hentry"],"acf":[],"_links":{"self":[{"href":"https:\/\/thp-naturheilkunde.de\/index.php?rest_route=\/wp\/v2\/pages\/943","targetHints":{"allow":["GET"]}}],"collection":[{"href":"https:\/\/thp-naturheilkunde.de\/index.php?rest_route=\/wp\/v2\/pages"}],"about":[{"href":"https:\/\/thp-naturheilkunde.de\/index.php?rest_route=\/wp\/v2\/types\/page"}],"author":[{"embeddable":true,"href":"https:\/\/thp-naturheilkunde.de\/index.php?rest_route=\/wp\/v2\/users\/1"}],"replies":[{"embeddable":true,"href":"https:\/\/thp-naturheilkunde.de\/index.php?rest_route=%2Fwp%2Fv2%2Fcomments&post=943"}],"version-history":[{"count":4,"href":"https:\/\/thp-naturheilkunde.de\/index.php?rest_route=\/wp\/v2\/pages\/943\/revisions"}],"predecessor-version":[{"id":984,"href":"https:\/\/thp-naturheilkunde.de\/index.php?rest_route=\/wp\/v2\/pages\/943\/revisions\/984"}],"wp:featuredmedia":[{"embeddable":true,"href":"https:\/\/thp-naturheilkunde.de\/index.php?rest_route=\/wp\/v2\/media\/944"}],"wp:attachment":[{"href":"https:\/\/thp-naturheilkunde.de\/index.php?rest_route=%2Fwp%2Fv2%2Fmedia&parent=943"}],"curies":[{"name":"wp","href":"https:\/\/api.w.org\/{rel}","templated":true}]}}