{"id":937,"date":"2024-05-06T14:13:11","date_gmt":"2024-05-06T14:13:11","guid":{"rendered":"https:\/\/thp-naturheilkunde.de\/?page_id=937"},"modified":"2024-05-16T16:07:48","modified_gmt":"2024-05-16T16:07:48","slug":"bioresonanz-haaranalyse","status":"publish","type":"page","link":"https:\/\/thp-naturheilkunde.de\/?page_id=937","title":{"rendered":"Bioresonanz-Haaranalyse"},"content":{"rendered":"\n<p>Aufgrund der zunehmenden Nachfrage und nicht zuletzt, weil ist es unglaublich gerne mache, biete ich Bioresonanzanalysen auch \u00fcber Haarproben an.<\/p>\n\n\n\n<p>Das kommt vor allem dann in Frage, wenn das Tier bei der Fahrt zur Praxis sehr viel Stress hat (bei Katzen ist das oft der Fall), oder die Entfernung einfach zu gro\u00df ist. Mittlerweile nutzen allerdings auch viele Pferdebesitzer aus der n\u00e4heren Umgebung dieses Angebot.<\/p>\n\n\n\n<p>Die Grundtestung umfasst:<\/p>\n\n\n\n<ul class=\"wp-block-list\">\n<li>Vitalisierung, Akupunkturmeridiane, Elektrosmog, Geopathische Belastungen<\/li>\n\n\n\n<li>S\u00e4ure-Basen-Haushalt, N\u00e4hrstoffe (Mineralien, Spurenelemente, Vitamine, probiotische Bakterien, Fetts\u00e4uren)<\/li>\n\n\n\n<li>Schadstoffe, Erbtoxine, Enzyme, Aminos\u00e4uren, Bakterien, Viren, Parasiten, Pilze,<\/li>\n\n\n\n<li>Physiologie- und Pathologie Hund\/Katze oder Pferd: Zelle und Gewebe, Blut, Immunsystem, Lymphsystem, Kreislaufsystem, Herz, Atemwege, Niere\/Harnorgane, Verdauungssystem, Leber-Galle-Bauchspeicheldr\u00fcse, Stoffwechsel, Bewegungsapparat, Nervensystem, Sehorgan, H\u00f6rorgan, Haut\/Haare\/Fell, Hormonsystem<\/li>\n<\/ul>\n\n\n\n<p>Erg\u00e4nzend dazu sind viele Einzeltestungen m\u00f6glich.<\/p>\n\n\n\n<div style=\"height:15px\" aria-hidden=\"true\" class=\"wp-block-spacer\"><\/div>\n\n\n\n<p class=\"has-text-align-left\">F\u00fcr die Testung ben\u00f6tige ich ein paar Angaben zu Ihrem Tier \u2013 siehe Anamnesebogen (ausf\u00fcllbares PDF) und eine Haarprobe.<\/p>\n\n\n\n<div data-wp-interactive=\"core\/file\" class=\"wp-block-file alignleft\"><object data-wp-bind--hidden=\"!state.hasPdfPreview\" hidden class=\"wp-block-file__embed\" data=\"https:\/\/thp-naturheilkunde.de\/wp-content\/uploads\/2024\/05\/Anamnesbogen-THP-Kirstein-Besel-2.pdf\" type=\"application\/pdf\" style=\"width:100%;height:600px\" aria-label=\"Einbettung von Anamnesbogen-THP-Kirstein-Besel-2.\"><\/object><a id=\"wp-block-file--media-c0b537ea-982b-47a0-b61a-1270b8fcc649\" href=\"https:\/\/thp-naturheilkunde.de\/wp-content\/uploads\/2024\/05\/Anamnesbogen-THP-Kirstein-Besel-2.pdf\">Anamnesbogen-THP-Kirstein-Besel-2<\/a><a href=\"https:\/\/thp-naturheilkunde.de\/wp-content\/uploads\/2024\/05\/Anamnesbogen-THP-Kirstein-Besel-2.pdf\" class=\"wp-block-file__button wp-element-button\" download aria-describedby=\"wp-block-file--media-c0b537ea-982b-47a0-b61a-1270b8fcc649\">Herunterladen<\/a><\/div>\n\n\n\n<div style=\"height:15px\" aria-hidden=\"true\" class=\"wp-block-spacer\"><\/div>\n\n\n\n<p><em>Zum Probenversand:<\/em><\/p>\n\n\n\n<ul class=\"wp-block-list\">\n<li>Pferd: Fellhaare \/ M\u00e4hnenhaar (muss nicht mit Wurzel sein) ca. 1 TL bzw. 1 kleine Str\u00e4hne<\/li>\n\n\n\n<li>Hund und Katze: ausgek\u00e4mmte oder ausgezupfte Haare ca. 1 TL<\/li>\n<\/ul>\n\n\n\n<p>Die Haare bitte in eine kleine T\u00fcte und f\u00fcr den Versand in Alufolie einschlagen. Es besteht auch die M\u00f6glichkeit Futtermittel f\u00fcr die Testung mitzuschicken. Diese bitte einzeln verpackt und beschriftet (Hersteller\/Produkt) beif\u00fcgen.<\/p>\n\n\n\n<div style=\"height:15px\" aria-hidden=\"true\" class=\"wp-block-spacer\"><\/div>\n\n\n\n<p><em>Energieausgleich\/Kosten:<\/em><\/p>\n\n\n\n<ul class=\"wp-block-list\">\n<li>Grundtestung 95 Euro<\/li>\n\n\n\n<li>Auswertung und Therapieplan 55 Euro<\/li>\n\n\n\n<li>Nachtestung 77 Euro (innerhalb 8 Wochen nach der ersten Testung)<\/li>\n\n\n\n<li>Folgetherapie 35 Euro<\/li>\n<\/ul>\n\n\n","protected":false},"excerpt":{"rendered":"<p>Aufgrund der zunehmenden Nachfrage und nicht zuletzt, weil ist es unglaublich gerne mache, biete ich Bioresonanzanalysen auch \u00fcber Haarproben an. Das kommt vor allem dann in Frage, wenn das Tier bei der Fahrt zur Praxis sehr viel Stress hat (bei Katzen ist das oft der Fall), oder die Entfernung einfach zu gro\u00df ist. Mittlerweile nutzen allerdings auch viele Pferdebesitzer aus der n\u00e4heren Umgebung dieses Angebot. Die Grundtestung umfasst: Erg\u00e4nzend dazu sind viele Einzeltestungen m\u00f6glich. F\u00fcr die Testung ben\u00f6tige ich ein paar Angaben zu Ihrem Tier \u2013 siehe Anamnesebogen (ausf\u00fcllbares PDF) und eine Haarprobe. Zum Probenversand: Die Haare bitte in eine kleine T\u00fcte und f\u00fcr den Versand in Alufolie einschlagen. Es besteht auch die M\u00f6glichkeit Futtermittel f\u00fcr die Testung mitzuschicken. Diese bitte einzeln verpackt und beschriftet (Hersteller\/Produkt) beif\u00fcgen. Energieausgleich\/Kosten:<\/p>\n","protected":false},"author":1,"featured_media":684,"parent":0,"menu_order":0,"comment_status":"closed","ping_status":"closed","template":"","meta":{"footnotes":""},"class_list":["post-937","page","type-page","status-publish","has-post-thumbnail","hentry"],"acf":[],"_links":{"self":[{"href":"https:\/\/thp-naturheilkunde.de\/index.php?rest_route=\/wp\/v2\/pages\/937","targetHints":{"allow":["GET"]}}],"collection":[{"href":"https:\/\/thp-naturheilkunde.de\/index.php?rest_route=\/wp\/v2\/pages"}],"about":[{"href":"https:\/\/thp-naturheilkunde.de\/index.php?rest_route=\/wp\/v2\/types\/page"}],"author":[{"embeddable":true,"href":"https:\/\/thp-naturheilkunde.de\/index.php?rest_route=\/wp\/v2\/users\/1"}],"replies":[{"embeddable":true,"href":"https:\/\/thp-naturheilkunde.de\/index.php?rest_route=%2Fwp%2Fv2%2Fcomments&post=937"}],"version-history":[{"count":5,"href":"https:\/\/thp-naturheilkunde.de\/index.php?rest_route=\/wp\/v2\/pages\/937\/revisions"}],"predecessor-version":[{"id":1014,"href":"https:\/\/thp-naturheilkunde.de\/index.php?rest_route=\/wp\/v2\/pages\/937\/revisions\/1014"}],"wp:featuredmedia":[{"embeddable":true,"href":"https:\/\/thp-naturheilkunde.de\/index.php?rest_route=\/wp\/v2\/media\/684"}],"wp:attachment":[{"href":"https:\/\/thp-naturheilkunde.de\/index.php?rest_route=%2Fwp%2Fv2%2Fmedia&parent=937"}],"curies":[{"name":"wp","href":"https:\/\/api.w.org\/{rel}","templated":true}]}}