{"id":728,"date":"2023-03-17T08:23:29","date_gmt":"2023-03-17T08:23:29","guid":{"rendered":"http:\/\/thp-naturheilkunde.de\/?page_id=728"},"modified":"2024-05-06T13:31:23","modified_gmt":"2024-05-06T13:31:23","slug":"biochemie-nach-dr-schuessler","status":"publish","type":"page","link":"https:\/\/thp-naturheilkunde.de\/?page_id=728","title":{"rendered":"Biochemie nach Dr. Sch\u00fcssler"},"content":{"rendered":"\n<p>Der Begriff \u201eBiochemie\u201c von griechisch \u201eBios\u201c = das Leben, Chemie = Wissenschaft der Elemente, hat in der Medizin heute unterschiedliche Bedeutung. Er wurde gegen Ende des 19. Jahrhunderts gepr\u00e4gt, um die Grenzgebiete zwischen Chemie, Medizin und Biologie zu einer selbst\u00e4ndigen Wissenschaft zusammenzufassen.<\/p>\n\n\n\n<p>Den Begriff \u201eBiochemie\u201c w\u00e4hlte auch der Arzt Dr. Wilhelm Heinrich Sch\u00fcssler (1821\u20131898) f\u00fcr seine Heilmethode. Sie kam urspr\u00fcnglich mit zw\u00f6lf Mineralsalzen aus. Von den Nachfolgern Sch\u00fcsslers wurden dann noch weitere so genannte \u201eErg\u00e4nzungssalze\u201c gefunden.<\/p>\n\n\n\n<p>Dr. Sch\u00fcssler ging davon aus, dass Krankheiten auf der Grundlage gest\u00f6rter biochemischer Prozesse entstehen. Er nahm an, dass Krankheiten zu einem gro\u00dfen Teil auf der Grundlage eines \u201egest\u00f6rten Mineralhaushaltes\u201c entstehen, wobei das Fehlen eines bestimmten Minerals den gesamten Stoffwechsel beeintr\u00e4chtigt.<\/p>\n\n\n\n<p>Besonders bew\u00e4hrt heben sich die Sch\u00fcssler-Salze bei Problemen mit dem Bewegungsapparat \u2013 bei Jungtieren zur Stabilisierung der Knochen, B\u00e4nder und Sehnen, bei alten Tieren zur Behandlung von Altersbeschwerden, wie zum Beispiel Arthrosen oder R\u00fcckenprobleme.<\/p>\n\n\n\n<p>Bei Stoffwechselst\u00f6rungen, Hauterkrankungen und Organfehlfunktionen k\u00f6nnen sie oft helfen den Gesundheitszustand zum Wohle ihres Tieres zu verbessern.<\/p>\n\n\n\n<p>Sch\u00fcssler-Salze haben sehr unterschiedliche Wirkungen im Organismus des Tieres. Viele Salze erg\u00e4nzen sich oder unterst\u00fctzen einander. Daher sollte die Auswahl der entsprechenden Salze wohl \u00fcberlegt auf Ihr Tier abgestimmt werden.<\/p>\n","protected":false},"excerpt":{"rendered":"<p>Der Begriff \u201eBiochemie\u201c von griechisch \u201eBios\u201c = das Leben, Chemie = Wissenschaft der Elemente, hat in der Medizin heute unterschiedliche Bedeutung. Er wurde gegen Ende des 19. Jahrhunderts gepr\u00e4gt, um die Grenzgebiete zwischen Chemie, Medizin und Biologie zu einer selbst\u00e4ndigen Wissenschaft zusammenzufassen. Den Begriff \u201eBiochemie\u201c w\u00e4hlte auch der Arzt Dr. Wilhelm Heinrich Sch\u00fcssler (1821\u20131898) f\u00fcr seine Heilmethode. Sie kam urspr\u00fcnglich mit zw\u00f6lf Mineralsalzen aus. Von den Nachfolgern Sch\u00fcsslers wurden dann noch weitere so genannte \u201eErg\u00e4nzungssalze\u201c gefunden. Dr. Sch\u00fcssler ging davon aus, dass Krankheiten auf der Grundlage gest\u00f6rter biochemischer Prozesse entstehen. Er nahm an, dass Krankheiten zu einem gro\u00dfen Teil auf der Grundlage eines \u201egest\u00f6rten Mineralhaushaltes\u201c entstehen, wobei das Fehlen eines bestimmten Minerals den gesamten Stoffwechsel beeintr\u00e4chtigt. Besonders bew\u00e4hrt heben sich die Sch\u00fcssler-Salze bei Problemen mit dem Bewegungsapparat \u2013 bei Jungtieren zur Stabilisierung der Knochen, B\u00e4nder und Sehnen, bei alten Tieren zur Behandlung von Altersbeschwerden, wie zum Beispiel Arthrosen oder R\u00fcckenprobleme. Bei Stoffwechselst\u00f6rungen, Hauterkrankungen und Organfehlfunktionen k\u00f6nnen sie oft helfen den Gesundheitszustand zum Wohle ihres Tieres zu verbessern. Sch\u00fcssler-Salze haben sehr unterschiedliche Wirkungen im Organismus des Tieres. Viele Salze erg\u00e4nzen sich oder unterst\u00fctzen einander. Daher sollte die Auswahl der entsprechenden Salze wohl \u00fcberlegt auf Ihr Tier abgestimmt werden.<\/p>\n","protected":false},"author":1,"featured_media":888,"parent":200,"menu_order":2,"comment_status":"closed","ping_status":"closed","template":"","meta":{"footnotes":""},"class_list":["post-728","page","type-page","status-publish","has-post-thumbnail","hentry"],"acf":[],"_links":{"self":[{"href":"https:\/\/thp-naturheilkunde.de\/index.php?rest_route=\/wp\/v2\/pages\/728","targetHints":{"allow":["GET"]}}],"collection":[{"href":"https:\/\/thp-naturheilkunde.de\/index.php?rest_route=\/wp\/v2\/pages"}],"about":[{"href":"https:\/\/thp-naturheilkunde.de\/index.php?rest_route=\/wp\/v2\/types\/page"}],"author":[{"embeddable":true,"href":"https:\/\/thp-naturheilkunde.de\/index.php?rest_route=\/wp\/v2\/users\/1"}],"replies":[{"embeddable":true,"href":"https:\/\/thp-naturheilkunde.de\/index.php?rest_route=%2Fwp%2Fv2%2Fcomments&post=728"}],"version-history":[{"count":3,"href":"https:\/\/thp-naturheilkunde.de\/index.php?rest_route=\/wp\/v2\/pages\/728\/revisions"}],"predecessor-version":[{"id":924,"href":"https:\/\/thp-naturheilkunde.de\/index.php?rest_route=\/wp\/v2\/pages\/728\/revisions\/924"}],"up":[{"embeddable":true,"href":"https:\/\/thp-naturheilkunde.de\/index.php?rest_route=\/wp\/v2\/pages\/200"}],"wp:featuredmedia":[{"embeddable":true,"href":"https:\/\/thp-naturheilkunde.de\/index.php?rest_route=\/wp\/v2\/media\/888"}],"wp:attachment":[{"href":"https:\/\/thp-naturheilkunde.de\/index.php?rest_route=%2Fwp%2Fv2%2Fmedia&parent=728"}],"curies":[{"name":"wp","href":"https:\/\/api.w.org\/{rel}","templated":true}]}}