{"id":369,"date":"2020-02-15T14:49:25","date_gmt":"2020-02-15T14:49:25","guid":{"rendered":"http:\/\/thp-naturheilkunde.de\/?page_id=369"},"modified":"2024-05-06T13:30:06","modified_gmt":"2024-05-06T13:30:06","slug":"ernaehrungsberatung","status":"publish","type":"page","link":"https:\/\/thp-naturheilkunde.de\/?page_id=369","title":{"rendered":"Ern\u00e4hrungsberatung"},"content":{"rendered":"\n<p>Die Ern\u00e4hrung im Wachstum ist ein wesentlicher Bestandteil f\u00fcr die\nVorbereitung auf ein langes und aktives Leben. F\u00fctterungsfehler, ob beim Hund,\nder Katze oder dem Pferd in dieser wichtigen Lebensphase lassen sich kaum oder\nnur sehr schwer korrigieren.<\/p>\n\n\n\n<p>Aus diesem Grund sollten Sie eine bedarfsgerechte Aufzuchtnahrung und\nauch Folgenahrung w\u00e4hlen. Die Erwartungen an eine artgerechte Ern\u00e4hrung sind\ngro\u00df und nicht jedes Futter erf\u00fcllt diese hohen Anspr\u00fcche. <\/p>\n\n\n\n<p>Die Erfahrung zeigt, dass bei sehr vielen chronisch kranken Tieren eine\nAuswahl der handels\u00fcblichen Futtersorten nicht Mittel der ersten Wahl sein\nkann. Gerade wenn man bedenkt, dass sich in der Darmschleimhaut mehr als 70\nProzent der gesamten Abwehrzellen des K\u00f6rpers befinden. <\/p>\n\n\n\n<p>Im Darm leben Milliarden von Mikroorganismen. Bei den Darmbewohnern\nhandelt es sich \u00fcberwiegend um Bakterien, aber auch Eukaryoten und Archaeen.\nSie bereiten die Nahrung auf, produzieren wichtige N\u00e4hrstoffe und unterst\u00fctzen\ndas Immunsystem.<\/p>\n\n\n\n<p>Starke Medikamente wie Antibiotika und Cortison, Hormone, Schadstoffe\nin der Nahrung und auch Umweltgifte k\u00f6nnen die Darmflora sch\u00e4digen. Sie t\u00f6ten\nunter Umst\u00e4nden nicht nur die krankmachenden, sondern auch die f\u00fcr die Abwehrfunktion\nnotwendigen Bakterien ab.<\/p>\n\n\n\n<p>Ich denke, es liegt in der Verantwortung eines jeden Tierbesitzers, seinem Tier die optimal, genau den Bed\u00fcrfnissen entsprechende Nahrung zukommen zu lassen.<\/p>\n","protected":false},"excerpt":{"rendered":"<p>Die Ern\u00e4hrung im Wachstum ist ein wesentlicher Bestandteil f\u00fcr die Vorbereitung auf ein langes und aktives Leben. F\u00fctterungsfehler, ob beim Hund, der Katze oder dem Pferd in dieser wichtigen Lebensphase lassen sich kaum oder nur sehr schwer korrigieren. Aus diesem Grund sollten Sie eine bedarfsgerechte Aufzuchtnahrung und auch Folgenahrung w\u00e4hlen. Die Erwartungen an eine artgerechte Ern\u00e4hrung sind gro\u00df und nicht jedes Futter erf\u00fcllt diese hohen Anspr\u00fcche. Die Erfahrung zeigt, dass bei sehr vielen chronisch kranken Tieren eine Auswahl der handels\u00fcblichen Futtersorten nicht Mittel der ersten Wahl sein kann. Gerade wenn man bedenkt, dass sich in der Darmschleimhaut mehr als 70 Prozent der gesamten Abwehrzellen des K\u00f6rpers befinden. Im Darm leben Milliarden von Mikroorganismen. Bei den Darmbewohnern handelt es sich \u00fcberwiegend um Bakterien, aber auch Eukaryoten und Archaeen. Sie bereiten die Nahrung auf, produzieren wichtige N\u00e4hrstoffe und unterst\u00fctzen das Immunsystem. Starke Medikamente wie Antibiotika und Cortison, Hormone, Schadstoffe in der Nahrung und auch Umweltgifte k\u00f6nnen die Darmflora sch\u00e4digen. Sie t\u00f6ten unter Umst\u00e4nden nicht nur die krankmachenden, sondern auch die f\u00fcr die Abwehrfunktion notwendigen Bakterien ab. Ich denke, es liegt in der Verantwortung eines jeden Tierbesitzers, seinem Tier die optimal, genau den Bed\u00fcrfnissen entsprechende Nahrung zukommen zu lassen.<\/p>\n","protected":false},"author":1,"featured_media":891,"parent":0,"menu_order":0,"comment_status":"closed","ping_status":"closed","template":"","meta":{"footnotes":""},"class_list":["post-369","page","type-page","status-publish","has-post-thumbnail","hentry"],"acf":[],"_links":{"self":[{"href":"https:\/\/thp-naturheilkunde.de\/index.php?rest_route=\/wp\/v2\/pages\/369","targetHints":{"allow":["GET"]}}],"collection":[{"href":"https:\/\/thp-naturheilkunde.de\/index.php?rest_route=\/wp\/v2\/pages"}],"about":[{"href":"https:\/\/thp-naturheilkunde.de\/index.php?rest_route=\/wp\/v2\/types\/page"}],"author":[{"embeddable":true,"href":"https:\/\/thp-naturheilkunde.de\/index.php?rest_route=\/wp\/v2\/users\/1"}],"replies":[{"embeddable":true,"href":"https:\/\/thp-naturheilkunde.de\/index.php?rest_route=%2Fwp%2Fv2%2Fcomments&post=369"}],"version-history":[{"count":2,"href":"https:\/\/thp-naturheilkunde.de\/index.php?rest_route=\/wp\/v2\/pages\/369\/revisions"}],"predecessor-version":[{"id":923,"href":"https:\/\/thp-naturheilkunde.de\/index.php?rest_route=\/wp\/v2\/pages\/369\/revisions\/923"}],"wp:featuredmedia":[{"embeddable":true,"href":"https:\/\/thp-naturheilkunde.de\/index.php?rest_route=\/wp\/v2\/media\/891"}],"wp:attachment":[{"href":"https:\/\/thp-naturheilkunde.de\/index.php?rest_route=%2Fwp%2Fv2%2Fmedia&parent=369"}],"curies":[{"name":"wp","href":"https:\/\/api.w.org\/{rel}","templated":true}]}}