{"id":365,"date":"2020-02-15T14:47:25","date_gmt":"2020-02-15T14:47:25","guid":{"rendered":"http:\/\/thp-naturheilkunde.de\/?page_id=365"},"modified":"2020-02-15T14:59:27","modified_gmt":"2020-02-15T14:59:27","slug":"traditionelle-chinesische-medizin-tcm","status":"publish","type":"page","link":"https:\/\/thp-naturheilkunde.de\/?page_id=365","title":{"rendered":"Traditionelle Chinesische Medizin (TCM)"},"content":{"rendered":"\n<p>Nach chinesischer Auffassung ist der K\u00f6rper bei Harmonie und\nGleichgewicht zwischen den Lebenskr\u00e4ften Yin und Yang gesund, die\nLebensenergie, das Qi kann frei flie\u00dfen. Die Funktionen innerer Organe wie\nVerdauung, Atmung und K\u00f6rperabwehr werden von dieser Lebensenergie beeinflusst.\nBei einem Ungleichgewicht wird der freie Fluss von Qi behindert oder blockiert,\ndas bedeutet Krankheit und oft Schmerzen. <\/p>\n\n\n\n<p>Ziel der traditionellen chinesischen Medizin ist es, den nat\u00fcrlichen\nEnergiefluss des Tieres wieder ins Gleichgewicht zu bringen. <\/p>\n\n\n\n<p>Was viele nicht wissen: Traditionelle chinesische Medizin ist nicht nur\nAkupunktur. In den \u00f6stlichen L\u00e4ndern werden ca. 90 % aller Erkrankungen mit der\nchinesischen Heilkr\u00e4utertherapie behandelt. <\/p>\n\n\n\n<p>Die individuelle Rezeptur wird nach einer umfassenden Diagnose nach den\nKriterien der TCM f\u00fcr das Tier zusammengestellt. Auch die Ern\u00e4hrungslehre ist\nBestandteil des umfassenden Therapieplanes. <\/p>\n\n\n\n<p>Die Traditionell chinesischen Veterin\u00e4r Medizin bietet mir noch einmal eine andere Sichtweise und damit auch zahlreiche Behandlungsm\u00f6glichkeiten zum Wohle Ihres Tieres.<\/p>\n\n\n\n<div class=\"wp-block-image\"><figure class=\"aligncenter size-large\"><img fetchpriority=\"high\" decoding=\"async\" width=\"1024\" height=\"678\" src=\"http:\/\/thp-naturheilkunde.de\/wp-content\/uploads\/2020\/02\/DSC_2380_327-1024x678.jpg\" alt=\"\" class=\"wp-image-366\" srcset=\"https:\/\/thp-naturheilkunde.de\/wp-content\/uploads\/2020\/02\/DSC_2380_327-1024x678.jpg 1024w, https:\/\/thp-naturheilkunde.de\/wp-content\/uploads\/2020\/02\/DSC_2380_327-300x199.jpg 300w, https:\/\/thp-naturheilkunde.de\/wp-content\/uploads\/2020\/02\/DSC_2380_327-768x509.jpg 768w, https:\/\/thp-naturheilkunde.de\/wp-content\/uploads\/2020\/02\/DSC_2380_327-1536x1017.jpg 1536w, https:\/\/thp-naturheilkunde.de\/wp-content\/uploads\/2020\/02\/DSC_2380_327-2048x1356.jpg 2048w, https:\/\/thp-naturheilkunde.de\/wp-content\/uploads\/2020\/02\/DSC_2380_327-1600x1060.jpg 1600w\" sizes=\"(max-width: 1024px) 100vw, 1024px\" \/><figcaption>Akupunkturbehandlung<\/figcaption><\/figure><\/div>\n","protected":false},"excerpt":{"rendered":"<p>Nach chinesischer Auffassung ist der K\u00f6rper bei Harmonie und Gleichgewicht zwischen den Lebenskr\u00e4ften Yin und Yang gesund, die Lebensenergie, das Qi kann frei flie\u00dfen. Die Funktionen innerer Organe wie Verdauung, Atmung und K\u00f6rperabwehr werden von dieser Lebensenergie beeinflusst. Bei einem Ungleichgewicht wird der freie Fluss von Qi behindert oder blockiert, das bedeutet Krankheit und oft Schmerzen. Ziel der traditionellen chinesischen Medizin ist es, den nat\u00fcrlichen Energiefluss des Tieres wieder ins Gleichgewicht zu bringen. Was viele nicht wissen: Traditionelle chinesische Medizin ist nicht nur Akupunktur. In den \u00f6stlichen L\u00e4ndern werden ca. 90 % aller Erkrankungen mit der chinesischen Heilkr\u00e4utertherapie behandelt. Die individuelle Rezeptur wird nach einer umfassenden Diagnose nach den Kriterien der TCM f\u00fcr das Tier zusammengestellt. Auch die Ern\u00e4hrungslehre ist Bestandteil des umfassenden Therapieplanes. Die Traditionell chinesischen Veterin\u00e4r Medizin bietet mir noch einmal eine andere Sichtweise und damit auch zahlreiche Behandlungsm\u00f6glichkeiten zum Wohle Ihres Tieres.<\/p>\n","protected":false},"author":1,"featured_media":0,"parent":0,"menu_order":0,"comment_status":"closed","ping_status":"closed","template":"","meta":{"footnotes":""},"class_list":["post-365","page","type-page","status-publish","hentry"],"acf":[],"_links":{"self":[{"href":"https:\/\/thp-naturheilkunde.de\/index.php?rest_route=\/wp\/v2\/pages\/365","targetHints":{"allow":["GET"]}}],"collection":[{"href":"https:\/\/thp-naturheilkunde.de\/index.php?rest_route=\/wp\/v2\/pages"}],"about":[{"href":"https:\/\/thp-naturheilkunde.de\/index.php?rest_route=\/wp\/v2\/types\/page"}],"author":[{"embeddable":true,"href":"https:\/\/thp-naturheilkunde.de\/index.php?rest_route=\/wp\/v2\/users\/1"}],"replies":[{"embeddable":true,"href":"https:\/\/thp-naturheilkunde.de\/index.php?rest_route=%2Fwp%2Fv2%2Fcomments&post=365"}],"version-history":[{"count":1,"href":"https:\/\/thp-naturheilkunde.de\/index.php?rest_route=\/wp\/v2\/pages\/365\/revisions"}],"predecessor-version":[{"id":367,"href":"https:\/\/thp-naturheilkunde.de\/index.php?rest_route=\/wp\/v2\/pages\/365\/revisions\/367"}],"wp:attachment":[{"href":"https:\/\/thp-naturheilkunde.de\/index.php?rest_route=%2Fwp%2Fv2%2Fmedia&parent=365"}],"curies":[{"name":"wp","href":"https:\/\/api.w.org\/{rel}","templated":true}]}}