{"id":361,"date":"2020-02-15T14:45:14","date_gmt":"2020-02-15T14:45:14","guid":{"rendered":"http:\/\/thp-naturheilkunde.de\/?page_id=361"},"modified":"2024-05-06T13:47:05","modified_gmt":"2024-05-06T13:47:05","slug":"spagyrik","status":"publish","type":"page","link":"https:\/\/thp-naturheilkunde.de\/?page_id=361","title":{"rendered":"Spagyrik"},"content":{"rendered":"\n<p>Das Wort Spagyrik bedeutet trennen und wieder zusammenf\u00fcgen. Die\nHerstellung der spagyrischen Essenzen nach Dr. Zimpel basiert auf drei\nwesentliche Stufen, der G\u00e4rung, der Destillation und der Veraschung. Damit\nwerden sowohl \u00e4therische \u00d6le als auch pflanzeneigene Mineralstoffe und\nSpurenelemente gewonnen. Durch die verschiedenen Herstellungsstufen wird die\ngesamt Kraft der Pflanze nutzbar gemacht. <\/p>\n\n\n\n<p>Ziel der Behandlung ist es, den aus seinem nat\u00fcrlichen Gleichgewicht gebrachten K\u00f6rper mit Hilfe der Heilkraft von individuellen pflanzlichen Mischungen durch Stimulierung in seinen gesunden Zustand zur\u00fcckzuf\u00fchren. So k\u00f6nnen die Essenzen bei Tieren bei einer Vielzahl von Beschwerden, wie z. B. Hauterkrankungen, Allergien und Angstzust\u00e4nden eingesetzt werden. Auch bei akuten Erkrankungen wie Erk\u00e4ltungen und Entz\u00fcndungen haben sie sich bew\u00e4hrt.<\/p>\n","protected":false},"excerpt":{"rendered":"<p>Das Wort Spagyrik bedeutet trennen und wieder zusammenf\u00fcgen. Die Herstellung der spagyrischen Essenzen nach Dr. Zimpel basiert auf drei wesentliche Stufen, der G\u00e4rung, der Destillation und der Veraschung. Damit werden sowohl \u00e4therische \u00d6le als auch pflanzeneigene Mineralstoffe und Spurenelemente gewonnen. Durch die verschiedenen Herstellungsstufen wird die gesamt Kraft der Pflanze nutzbar gemacht. Ziel der Behandlung ist es, den aus seinem nat\u00fcrlichen Gleichgewicht gebrachten K\u00f6rper mit Hilfe der Heilkraft von individuellen pflanzlichen Mischungen durch Stimulierung in seinen gesunden Zustand zur\u00fcckzuf\u00fchren. So k\u00f6nnen die Essenzen bei Tieren bei einer Vielzahl von Beschwerden, wie z. B. Hauterkrankungen, Allergien und Angstzust\u00e4nden eingesetzt werden. Auch bei akuten Erkrankungen wie Erk\u00e4ltungen und Entz\u00fcndungen haben sie sich bew\u00e4hrt.<\/p>\n","protected":false},"author":1,"featured_media":887,"parent":0,"menu_order":0,"comment_status":"closed","ping_status":"closed","template":"","meta":{"footnotes":""},"class_list":["post-361","page","type-page","status-publish","has-post-thumbnail","hentry"],"acf":[],"_links":{"self":[{"href":"https:\/\/thp-naturheilkunde.de\/index.php?rest_route=\/wp\/v2\/pages\/361","targetHints":{"allow":["GET"]}}],"collection":[{"href":"https:\/\/thp-naturheilkunde.de\/index.php?rest_route=\/wp\/v2\/pages"}],"about":[{"href":"https:\/\/thp-naturheilkunde.de\/index.php?rest_route=\/wp\/v2\/types\/page"}],"author":[{"embeddable":true,"href":"https:\/\/thp-naturheilkunde.de\/index.php?rest_route=\/wp\/v2\/users\/1"}],"replies":[{"embeddable":true,"href":"https:\/\/thp-naturheilkunde.de\/index.php?rest_route=%2Fwp%2Fv2%2Fcomments&post=361"}],"version-history":[{"count":2,"href":"https:\/\/thp-naturheilkunde.de\/index.php?rest_route=\/wp\/v2\/pages\/361\/revisions"}],"predecessor-version":[{"id":934,"href":"https:\/\/thp-naturheilkunde.de\/index.php?rest_route=\/wp\/v2\/pages\/361\/revisions\/934"}],"wp:featuredmedia":[{"embeddable":true,"href":"https:\/\/thp-naturheilkunde.de\/index.php?rest_route=\/wp\/v2\/media\/887"}],"wp:attachment":[{"href":"https:\/\/thp-naturheilkunde.de\/index.php?rest_route=%2Fwp%2Fv2%2Fmedia&parent=361"}],"curies":[{"name":"wp","href":"https:\/\/api.w.org\/{rel}","templated":true}]}}