{"id":356,"date":"2020-02-15T14:42:44","date_gmt":"2020-02-15T14:42:44","guid":{"rendered":"http:\/\/thp-naturheilkunde.de\/?page_id=356"},"modified":"2020-02-15T14:58:47","modified_gmt":"2020-02-15T14:58:47","slug":"die-mykotherapie","status":"publish","type":"page","link":"https:\/\/thp-naturheilkunde.de\/?page_id=356","title":{"rendered":"Mykotherapie"},"content":{"rendered":"\n<p>Die Mykotherapie umfasst die Behandlung von Krankheiten mit Hilfe von\nHeilpilzen. Ihr Ursprung liegt in der traditionellen chinesischen Medizin. Dort\nspielen Pilze schon seit vielen Jahrhunderten eine gro\u00dfe Rolle in der\nGesundheitsvorsorge sowie zur Behandlung vieler Leiden und Erkrankungen. <\/p>\n\n\n\n<p>Auch wenn die Mykotherapie innerhalb der ganzheitlich orientierten Medizin\nnoch ein relativ junger Begriff ist, so w\u00e4chst auch in der Tierheilkunde ihre\nBedeutung.<\/p>\n\n\n\n<p>Heilpilze k\u00f6nnen bei fast allen Erkrankungen unterst\u00fctzend eingesetzt\nwerden. Besonders bew\u00e4hrt haben sie sich bei Allergien, Erkrankungen des\nBewegungsapparates, Tumorerkrankungen und zur Entgiftung des K\u00f6rpers. Sie\nenthalten wertvolle Mineralstoffe und Spurenelemente, Vitamine, Aminos\u00e4uren\nsowie Enzyme und st\u00e4rken u. a. Leber, Nieren und Atemwege.<\/p>\n\n\n\n<p>Die Pilze k\u00f6nnen den Tieren als Pulver oder in Kapselform verabreicht werden. Die Dosierung wird im Rahmen des Therapieplanes individuell auf das Tier abgestimmt.<\/p>\n\n\n\n<div class=\"wp-block-image\"><figure class=\"aligncenter size-large\"><img fetchpriority=\"high\" decoding=\"async\" width=\"1024\" height=\"609\" src=\"http:\/\/thp-naturheilkunde.de\/wp-content\/uploads\/2020\/02\/121bea-1024x609.jpg\" alt=\"\" class=\"wp-image-357\" srcset=\"https:\/\/thp-naturheilkunde.de\/wp-content\/uploads\/2020\/02\/121bea-1024x609.jpg 1024w, https:\/\/thp-naturheilkunde.de\/wp-content\/uploads\/2020\/02\/121bea-300x178.jpg 300w, https:\/\/thp-naturheilkunde.de\/wp-content\/uploads\/2020\/02\/121bea-768x457.jpg 768w, https:\/\/thp-naturheilkunde.de\/wp-content\/uploads\/2020\/02\/121bea-1536x914.jpg 1536w, https:\/\/thp-naturheilkunde.de\/wp-content\/uploads\/2020\/02\/121bea-1600x952.jpg 1600w, https:\/\/thp-naturheilkunde.de\/wp-content\/uploads\/2020\/02\/121bea.jpg 1896w\" sizes=\"(max-width: 1024px) 100vw, 1024px\" \/><\/figure><\/div>\n","protected":false},"excerpt":{"rendered":"<p>Die Mykotherapie umfasst die Behandlung von Krankheiten mit Hilfe von Heilpilzen. Ihr Ursprung liegt in der traditionellen chinesischen Medizin. Dort spielen Pilze schon seit vielen Jahrhunderten eine gro\u00dfe Rolle in der Gesundheitsvorsorge sowie zur Behandlung vieler Leiden und Erkrankungen. Auch wenn die Mykotherapie innerhalb der ganzheitlich orientierten Medizin noch ein relativ junger Begriff ist, so w\u00e4chst auch in der Tierheilkunde ihre Bedeutung. Heilpilze k\u00f6nnen bei fast allen Erkrankungen unterst\u00fctzend eingesetzt werden. Besonders bew\u00e4hrt haben sie sich bei Allergien, Erkrankungen des Bewegungsapparates, Tumorerkrankungen und zur Entgiftung des K\u00f6rpers. Sie enthalten wertvolle Mineralstoffe und Spurenelemente, Vitamine, Aminos\u00e4uren sowie Enzyme und st\u00e4rken u. a. Leber, Nieren und Atemwege. Die Pilze k\u00f6nnen den Tieren als Pulver oder in Kapselform verabreicht werden. Die Dosierung wird im Rahmen des Therapieplanes individuell auf das Tier abgestimmt.<\/p>\n","protected":false},"author":1,"featured_media":0,"parent":0,"menu_order":0,"comment_status":"closed","ping_status":"closed","template":"","meta":{"footnotes":""},"class_list":["post-356","page","type-page","status-publish","hentry"],"acf":[],"_links":{"self":[{"href":"https:\/\/thp-naturheilkunde.de\/index.php?rest_route=\/wp\/v2\/pages\/356","targetHints":{"allow":["GET"]}}],"collection":[{"href":"https:\/\/thp-naturheilkunde.de\/index.php?rest_route=\/wp\/v2\/pages"}],"about":[{"href":"https:\/\/thp-naturheilkunde.de\/index.php?rest_route=\/wp\/v2\/types\/page"}],"author":[{"embeddable":true,"href":"https:\/\/thp-naturheilkunde.de\/index.php?rest_route=\/wp\/v2\/users\/1"}],"replies":[{"embeddable":true,"href":"https:\/\/thp-naturheilkunde.de\/index.php?rest_route=%2Fwp%2Fv2%2Fcomments&post=356"}],"version-history":[{"count":2,"href":"https:\/\/thp-naturheilkunde.de\/index.php?rest_route=\/wp\/v2\/pages\/356\/revisions"}],"predecessor-version":[{"id":360,"href":"https:\/\/thp-naturheilkunde.de\/index.php?rest_route=\/wp\/v2\/pages\/356\/revisions\/360"}],"wp:attachment":[{"href":"https:\/\/thp-naturheilkunde.de\/index.php?rest_route=%2Fwp%2Fv2%2Fmedia&parent=356"}],"curies":[{"name":"wp","href":"https:\/\/api.w.org\/{rel}","templated":true}]}}