{"id":330,"date":"2020-02-02T15:04:35","date_gmt":"2020-02-02T15:04:35","guid":{"rendered":"http:\/\/thp-naturheilkunde.de\/?page_id=330"},"modified":"2026-03-16T18:15:36","modified_gmt":"2026-03-16T17:15:36","slug":"startseite","status":"publish","type":"page","link":"https:\/\/thp-naturheilkunde.de\/","title":{"rendered":"Willkommen in der Tierheilpraxis f\u00fcr ganzheitliche Naturheilkunde \u2013 Gabi Kirstein-Besel"},"content":{"rendered":"\n\n\n<div style=\"height:35px\" aria-hidden=\"true\" class=\"wp-block-spacer\"><\/div>\n\n\n\n<div class=\"wp-block-cover aligncenter has-custom-content-position is-position-bottom-center wp-duotone-unset-1\" style=\"min-height:494px;aspect-ratio:unset;\"><img fetchpriority=\"high\" decoding=\"async\" width=\"1024\" height=\"683\" class=\"wp-block-cover__image-background wp-image-1494 size-large\" alt=\"\" src=\"https:\/\/thp-naturheilkunde.de\/wp-content\/uploads\/2026\/03\/andhoj-nature-mini-1024x683.jpg\" data-object-fit=\"cover\" srcset=\"https:\/\/thp-naturheilkunde.de\/wp-content\/uploads\/2026\/03\/andhoj-nature-mini-1024x683.jpg 1024w, https:\/\/thp-naturheilkunde.de\/wp-content\/uploads\/2026\/03\/andhoj-nature-mini-300x200.jpg 300w, https:\/\/thp-naturheilkunde.de\/wp-content\/uploads\/2026\/03\/andhoj-nature-mini-768x512.jpg 768w, https:\/\/thp-naturheilkunde.de\/wp-content\/uploads\/2026\/03\/andhoj-nature-mini-1536x1024.jpg 1536w, https:\/\/thp-naturheilkunde.de\/wp-content\/uploads\/2026\/03\/andhoj-nature-mini-1140x760.jpg 1140w, https:\/\/thp-naturheilkunde.de\/wp-content\/uploads\/2026\/03\/andhoj-nature-mini.jpg 1920w\" sizes=\"(max-width: 1024px) 100vw, 1024px\" \/><span aria-hidden=\"true\" class=\"wp-block-cover__background has-background-dim-60 has-background-dim\" style=\"background-color:#747f43\"><\/span><div class=\"wp-block-cover__inner-container is-layout-flow wp-block-cover-is-layout-flow\">\n<h2 class=\"wp-block-heading alignfull has-text-color\" style=\"color:#ffe074;font-size:64px\"><em>Kleine Auszeit: <\/em><br><em><strong>24. bis 30. April<\/strong><\/em><\/h2>\n\n\n\n<p><strong>Liebe Zwei- und Vierbeiner,<\/strong><\/p>\n\n\n\n<p>vom <strong>24. bis 30. April<\/strong> g\u00f6nne ich mir eine kleine Auszeit, um neue Kraft zu sammeln. In dieser Zeit bleibt meine Praxis geschlossen und ich bin nicht erreichbar. Ab dem 4. Mai bin ich wieder mit frischer Energie f\u00fcr Euch und Eure tierischen Begleiter da.<\/p>\n\n\n\n<p>Vielen Dank f\u00fcr Euer Verst\u00e4ndnis und eine gute Zeit!<\/p>\n\n\n\n<p>Herzliche Gr\u00fc\u00dfe<br>Gabi Kirstein-Besel<\/p>\n\n\n\n<div class=\"wp-block-columns alignwide is-layout-flex wp-container-core-columns-is-layout-9d6595d7 wp-block-columns-is-layout-flex\">\n<div class=\"wp-block-column is-layout-flow wp-block-column-is-layout-flow\"><\/div>\n<\/div>\n<\/div><\/div>\n\n\n\n<div style=\"height:35px\" aria-hidden=\"true\" class=\"wp-block-spacer\"><\/div>\n\n\n\n<div class=\"wp-block-columns is-layout-flex wp-container-core-columns-is-layout-9d6595d7 wp-block-columns-is-layout-flex\">\n<div class=\"wp-block-column is-layout-flow wp-block-column-is-layout-flow\" style=\"flex-basis:33.33%\">\n<figure class=\"wp-block-image size-large is-resized is-style-default\"><img decoding=\"async\" width=\"866\" height=\"1280\" src=\"https:\/\/thp-naturheilkunde.de\/wp-content\/uploads\/2024\/05\/IMGP5086_DXO-edited.jpg\" alt=\"\" class=\"wp-image-896\" style=\"width:349px;height:auto\" srcset=\"https:\/\/thp-naturheilkunde.de\/wp-content\/uploads\/2024\/05\/IMGP5086_DXO-edited.jpg 866w, https:\/\/thp-naturheilkunde.de\/wp-content\/uploads\/2024\/05\/IMGP5086_DXO-edited-203x300.jpg 203w, https:\/\/thp-naturheilkunde.de\/wp-content\/uploads\/2024\/05\/IMGP5086_DXO-edited-693x1024.jpg 693w, https:\/\/thp-naturheilkunde.de\/wp-content\/uploads\/2024\/05\/IMGP5086_DXO-edited-768x1135.jpg 768w\" sizes=\"(max-width: 866px) 100vw, 866px\" \/><\/figure>\n<\/div>\n\n\n\n<div class=\"wp-block-column is-layout-flow wp-block-column-is-layout-flow\" style=\"flex-basis:50%\">\n<p>Naturheilverfahren haben eine jahrtausendealte Tradition und bieten vielf\u00e4ltige M\u00f6glichkeiten, eine Krankheit noch aus einem anderen Blickwinkel zu betrachten.<\/p>\n\n\n\n<p>Der gro\u00dfe Unterschied zur Schulmedizin ist anderer Denkansatz, eine andere Sichtweise, die auch beinhaltet, dass nach der tiefsitzenden Ursache geforscht wird. Auch die Beziehung zwischen Tier und Halter wird ber\u00fccksichtigt, denn nur die ganzheitliche Behandlung f\u00fchrt zu den positiven Erfolgen der Naturheilkunde. <\/p>\n\n\n\n<p>Meine Leidenschaft und mein Herz liegen bei den Behandlungen bzw. Ursachenforschung bei der <a href=\"https:\/\/thp-naturheilkunde.de\/?page_id=216\">Bioresonanz-Analyse<\/a>. Das Ergebnis liefert mir die Grundlagen f\u00fcr die Therapien, die zur Anwendung kommen.<\/p>\n\n\n\n<p>Aufgrund meiner langj\u00e4hrigen Erfahrung, auch in Zusammenarbeit mit Tier\u00e4rzten und anderen Tiertherapeuten, biete ich <a href=\"https:\/\/thp-naturheilkunde.de\/?page_id=937\" data-type=\"page\" data-id=\"937\">Bioresonanz-Testungen<\/a> mittlerweile auch \u00fcber Haarproben an.<\/p>\n\n\n\n<p>Auch diese Form der Testung erm\u00f6glicht mir, einen tiefen Einblick in die Energie des Tieres zu bekommen, um im Anschluss einen passenden Therapieplan erstellen zu k\u00f6nnen.<\/p>\n\n\n\n<p>Lesen Sie gerne meine Seiten. Ich w\u00fcrde mich sehr freuen, Sie und Ihr Tier begleiten zu d\u00fcrfen.<\/p>\n\n\n\n<p><em>Ihre Gabi Kirstein-Besel<\/em><\/p>\n<\/div>\n<\/div>\n\n\n\n<div style=\"height:35px\" aria-hidden=\"true\" class=\"wp-block-spacer\"><\/div>\n\n\n\n<figure class=\"wp-block-gallery aligncenter has-nested-images columns-3 is-cropped has-white-background-color has-background wp-block-gallery-2 is-layout-flex wp-block-gallery-is-layout-flex\">\n<figure class=\"wp-block-image size-large is-style-default\"><img decoding=\"async\" width=\"1024\" height=\"684\" data-id=\"892\" src=\"https:\/\/thp-naturheilkunde.de\/wp-content\/uploads\/2024\/05\/Ernaehrung-2-1024x684.jpg\" alt=\"\" class=\"wp-image-892\" srcset=\"https:\/\/thp-naturheilkunde.de\/wp-content\/uploads\/2024\/05\/Ernaehrung-2-1024x684.jpg 1024w, https:\/\/thp-naturheilkunde.de\/wp-content\/uploads\/2024\/05\/Ernaehrung-2-300x200.jpg 300w, https:\/\/thp-naturheilkunde.de\/wp-content\/uploads\/2024\/05\/Ernaehrung-2-768x513.jpg 768w, https:\/\/thp-naturheilkunde.de\/wp-content\/uploads\/2024\/05\/Ernaehrung-2-1536x1025.jpg 1536w, https:\/\/thp-naturheilkunde.de\/wp-content\/uploads\/2024\/05\/Ernaehrung-2-1140x761.jpg 1140w, https:\/\/thp-naturheilkunde.de\/wp-content\/uploads\/2024\/05\/Ernaehrung-2.jpg 2048w\" sizes=\"(max-width: 1024px) 100vw, 1024px\" \/><figcaption class=\"wp-element-caption\"><a href=\"https:\/\/thp-naturheilkunde.de\/?page_id=369\" data-type=\"page\" data-id=\"369\">Ern\u00e4hrungsberatung<\/a><\/figcaption><\/figure>\n\n\n\n<figure class=\"wp-block-image size-large is-style-default\"><img loading=\"lazy\" decoding=\"async\" width=\"1742\" height=\"824\" data-id=\"976\" src=\"https:\/\/thp-naturheilkunde.de\/wp-content\/uploads\/2024\/05\/Labor-min-e1715001904499-edited.jpg\" alt=\"\" class=\"wp-image-976\" title=\"\" srcset=\"https:\/\/thp-naturheilkunde.de\/wp-content\/uploads\/2024\/05\/Labor-min-e1715001904499-edited.jpg 1742w, https:\/\/thp-naturheilkunde.de\/wp-content\/uploads\/2024\/05\/Labor-min-e1715001904499-edited-300x142.jpg 300w, https:\/\/thp-naturheilkunde.de\/wp-content\/uploads\/2024\/05\/Labor-min-e1715001904499-edited-1024x484.jpg 1024w, https:\/\/thp-naturheilkunde.de\/wp-content\/uploads\/2024\/05\/Labor-min-e1715001904499-edited-768x363.jpg 768w, https:\/\/thp-naturheilkunde.de\/wp-content\/uploads\/2024\/05\/Labor-min-e1715001904499-edited-1536x727.jpg 1536w, https:\/\/thp-naturheilkunde.de\/wp-content\/uploads\/2024\/05\/Labor-min-e1715001904499-edited-1140x539.jpg 1140w\" sizes=\"(max-width: 1742px) 100vw, 1742px\" \/><figcaption class=\"wp-element-caption\"><a href=\"https:\/\/thp-naturheilkunde.de\/?page_id=899\" data-type=\"page\" data-id=\"899\">Laborleistungen<\/a><\/figcaption><\/figure>\n\n\n\n<figure class=\"wp-block-image size-large is-style-default\"><img loading=\"lazy\" decoding=\"async\" width=\"1024\" height=\"486\" data-id=\"944\" src=\"https:\/\/thp-naturheilkunde.de\/wp-content\/uploads\/2024\/05\/Myriams-Fotos-hands-1926414_1280-min-e1715009158578-1024x486.jpg\" alt=\"\" class=\"wp-image-944\" srcset=\"https:\/\/thp-naturheilkunde.de\/wp-content\/uploads\/2024\/05\/Myriams-Fotos-hands-1926414_1280-min-e1715009158578-1024x486.jpg 1024w, https:\/\/thp-naturheilkunde.de\/wp-content\/uploads\/2024\/05\/Myriams-Fotos-hands-1926414_1280-min-e1715009158578-300x143.jpg 300w, https:\/\/thp-naturheilkunde.de\/wp-content\/uploads\/2024\/05\/Myriams-Fotos-hands-1926414_1280-min-e1715009158578-768x365.jpg 768w, https:\/\/thp-naturheilkunde.de\/wp-content\/uploads\/2024\/05\/Myriams-Fotos-hands-1926414_1280-min-e1715009158578-1140x542.jpg 1140w, https:\/\/thp-naturheilkunde.de\/wp-content\/uploads\/2024\/05\/Myriams-Fotos-hands-1926414_1280-min-e1715009158578.jpg 1280w\" sizes=\"(max-width: 1024px) 100vw, 1024px\" \/><figcaption class=\"wp-element-caption\"><a href=\"https:\/\/thp-naturheilkunde.de\/?page_id=943\" data-type=\"page\" data-id=\"943\">Sterbebegleitung<\/a><\/figcaption><\/figure>\n<\/figure>\n\n\n\n<div style=\"height:35px\" aria-hidden=\"true\" class=\"wp-block-spacer\"><\/div>\n\n\n\n<p class=\"has-text-align-left has-black-color has-white-background-color has-text-color has-background has-link-color wp-elements-c7ec053f28f97ada70009292a0da48c2\" style=\"font-style:italic;font-weight:400\">TERMINE NACH VEREINBARUNG<br>Planen Sie bitte f\u00fcr Termine grunds\u00e4tzlich eine Wartezeit von 6 bis 8 Wochen ein. <br>F\u00fcr Notf\u00e4lle gibt es eine Warteliste.<\/p>\n\n\n\n<p class=\"has-text-align-center has-white-color has-text-color has-background has-link-color has-small-font-size wp-elements-b44604f89587fca0fac9d32ad5be496a\" style=\"background-color:#608530\"><strong>BITTE BEACHTEN SIE:<br><\/strong>Ich bereite mich auf Sie vor und plane f\u00fcr jede Behandlung 1,5 Stunden meiner Zeit f\u00fcr Sie und Ihr Tier ein.<br>Sollten Sie einen vereinbarten Termin nicht einhalten k\u00f6nnen, sagen Sie ihn bitte mindestens 24 Stunden vorher ab. So geben Sie einem anderen Tier die M\u00f6glichkeit f\u00fcr eine Behandlung.&nbsp;<br>Ich bitte um Verst\u00e4ndnis, dass ich ein Ausfallhonorar bei Nichterscheinen in Rechnung stellen werde.<\/p>\n\n\n\n<div style=\"height:35px\" aria-hidden=\"true\" class=\"wp-block-spacer\"><\/div>\n\n\n<div class=\"wpgmza-store-locator wpgmza_sl_main_div\" data-id=\"1\">\r\n\t<div class=\"wpgmza-address-container wpgmza-form-field wpgmza_sl_query_div wpgmza-clearfix\">\r\n\t\t<label class=\"wpgmza-address wpgmza-form-field__label wpgmza-form-field__label--float\" data-name=\"addressLabel\" for=\"addressInput\">PLZ \/ Adresse:<\/label>\r\n\t\t<input class=\"wpgmza-address\" type=\"text\" placeholder=\"Einen Ort eingeben\" autocomplete=\"off\" data-name=\"defaultAddress\" value=\"\" id=\"addressInput\" size=\"20\">\r\n\t<\/div>\r\n\t\r\n\t<div class=\"wpgmza-radius-container wpgmza-form-field wpgmza_sl_radius_div wpgmza-clearfix\">\r\n\t\t<label class=\"wpgmza-radius wpgmza-form-field__label wpgmza-form-field__label--float\" for=\"radiusSelect\">\r\n\t\t\tRadius:\t\t<\/label>\r\n\t\t<select class=\"wpgmza-radius wpgmza-form-field__input wpgmza_sl_radius_select\" id=\"radiusSelect\"><option class=\"wpgmza-radius wpgmza_sl_select_option\" value=\"10\" selected>10km<\/option><\/select>\r\n\t<\/div>\r\n\t\r\n\t<input class=\"wpgmza-search wpgmza_sl_search_button wpgmza_sl_search_button_1\" value=\"Suche\" type=\"button\" onclick=\"searchLocations(1)\">\r\n\t\r\n\t<div class=\"wpgmza-no-results wpgmza-not-found-msg js-not-found-msg\" style=\"display: none;\">\r\n\t\t<p data-name=\"notFoundMessage\">Keine Ergebnisse in dieser Position gefunden. Bitte versuche es erneut.<\/p>\r\n\t<\/div>\r\n<\/div><div id=\"wpgmza_map\" class=\"wpgmza_map\" data-settings='{\"id\":\"1\",\"map_title\":\"Tierheilpraxis f\\u00fcr ganzheitliche Naturheilkunde\",\"map_width\":\"100\",\"map_height\":\"400\",\"map_start_lat\":\"52.956006\",\"map_start_lng\":\"9.420608800000002\",\"map_start_location\":\"45.950464398418106,-109.81550500000003\",\"map_start_zoom\":\"8\",\"default_marker\":\"\",\"type\":\"0\",\"alignment\":\"4\",\"directions_enabled\":\"0\",\"styling_enabled\":\"0\",\"styling_json\":\"\",\"active\":\"0\",\"kml\":\"\",\"bicycle\":\"0\",\"traffic\":\"0\",\"dbox\":\"0\",\"dbox_width\":\"\",\"listmarkers\":\"0\",\"listmarkers_advanced\":\"0\",\"filterbycat\":\"0\",\"ugm_enabled\":\"0\",\"ugm_category_enabled\":\"0\",\"fusion\":\"\",\"map_width_type\":\"%\",\"map_height_type\":\"px\",\"mass_marker_support\":\"0\",\"ugm_access\":\"0\",\"order_markers_by\":\"0\",\"order_markers_choice\":\"0\",\"show_user_location\":\"0\",\"default_to\":\"\",\"other_settings\":{\"map_type\":1,\"sl_stroke_color\":\"\",\"sl_fill_color\":\"\",\"sl_stroke_opacity\":\"\",\"sl_fill_opacity\":\"\",\"transport_layer\":false,\"action\":\"wpgmza_save_map\",\"redirect_to\":\"\\\/wp-admin\\\/admin-post.php\",\"map_id\":\"1\",\"wpgmza_savemap\":\"Karte speichern \\u00bb\",\"http_referer\":\"\\\/wp-admin\\\/admin.php?page=wp-google-maps-menu&amp;amp;action=edit&amp;amp;map_id=1\",\"wpgmza_id\":\"1\",\"wpgmza_start_location\":\"52.956006,9.420608800000002\",\"wpgmza_start_zoom\":\"8\",\"wpgmza_map_align\":\"2\",\"store_locator_enabled\":true,\"store_locator_distance\":false,\"store_locator_search_area\":\"radial\",\"wpgmza_store_locator_default_radius\":\"10\",\"store_locator_auto_area_max_zoom\":\"\",\"wpgmza_store_locator_radius_style\":\"modern\",\"store_locator_component_anchor\":\"0\",\"wpgmza_store_locator_bounce\":false,\"wpgmza_sl_animation\":null,\"store_locator_query_string\":\"\",\"store_locator_location_placeholder\":\"\",\"store_locator_default_address\":\"\",\"store_locator_name_search\":false,\"store_locator_name_string\":\"\",\"store_locator_not_found_message\":\"\",\"store_locator_show_distance\":false,\"store_locator_category\":false,\"wpgmza_store_locator_use_their_location\":false,\"wpgmza_store_locator_hide_before_search\":false,\"store_locator_nearby_searches\":false,\"wpgmza_ol_tile_filter\":\"none\",\"wpgmza_theme_data\":\"\",\"custom_tile_enabled\":false,\"custom_tile_image\":\"\",\"custom_tile_image_width\":\"\",\"custom_tile_image_height\":\"\",\"custom_tile_image_attribution\":\"\",\"iw_primary_color\":\"#000000\",\"iw_accent_color\":\"#000000\",\"iw_text_color\":\"#000000\",\"close_infowindow_on_map_click\":false,\"marker_share_links\":false,\"wpgmza_listmarkers_by\":\"0\",\"marker_listing_component_anchor\":null,\"marker_listing_component_auto_open\":false,\"dataTable_pagination_style\":null,\"category_filter_component_anchor\":null,\"zoom_level_on_marker_listing_override\":false,\"zoom_level_on_marker_listing_click\":\"\",\"marker_listing_disable_zoom\":false,\"datatable_no_result_message\":\"\",\"remove_search_box_datables\":false,\"datatable_search_string\":\"\",\"datatable_result_start\":\"\",\"datatable_result_of\":\"\",\"datatable_result_to\":\"\",\"datatable_result_total\":\"\",\"datatable_result_show\":\"\",\"datatable_result_entries\":\"\",\"category_legends_enabled\":false,\"category_legends_component_anchor\":null,\"jump_to_nearest_marker_on_initialization\":false,\"click_open_link\":false,\"wpgmza_zoom_on_marker_click\":false,\"wpgmza_zoom_on_marker_click_slider\":\"\",\"polygon_labels\":false,\"disable_polygon_info_windows\":false,\"fit_maps_bounds_to_markers\":false,\"fit_maps_bounds_to_markers_after_filtering\":false,\"automatically_pan_to_users_location\":false,\"override_users_location_zoom_level\":false,\"override_users_location_zoom_levels\":\"\",\"show_distance_from_location\":false,\"map_starts_in_streetview\":false,\"map_starts_in_streetview_location\":\"\",\"map_starts_in_streetview_heading\":\"\",\"map_starts_in_streetview_pitch\":\"\",\"map_max_zoom\":\"21\",\"map_min_zoom\":\"0\",\"hide_point_of_interest\":false,\"disable_lightbox_images\":false,\"use_Raw_Jpeg_Coordinates\":false,\"enable_marker_ratings\":false,\"only_load_markers_within_viewport\":false,\"wpgmza_store_locator_position\":false,\"wpgmza_marker_listing_position\":false}}' data-map-id='1' Data-maps-engine='open-layers' data-shortcode-attributes='{\"id\":\"1\"}' style=\"display:block; overflow:auto; width:100%; height:400px; margin-left:auto !important; margin-right:auto; !important; align:center;\"><\/div>\n\n\n<div style=\"height:35px\" aria-hidden=\"true\" class=\"wp-block-spacer\"><\/div>\n\n\n\n<p class=\"has-small-font-size\"><em>Gem\u00e4\u00df Heilmittelwerbegesetz &#8211; HWG \u00a7 3 weise ich darauf hin, dass es sich bei den angewendeten Therapieformen, um Verfahren der alternativen Medizin handelt, die wissenschaftlich umstritten und schulmedizinisch nicht anerkannt sind.<\/em><\/p>\n\n\n\n<div class=\"wp-block-media-text is-stacked-on-mobile\"><figure class=\"wp-block-media-text__media\"><\/figure><div class=\"wp-block-media-text__content\">\n<p><\/p>\n<\/div><\/div>\n","protected":false},"excerpt":{"rendered":"<p>Naturheilverfahren haben eine jahrtausendealte Tradition und bieten vielf\u00e4ltige M\u00f6glichkeiten, eine Krankheit noch aus einem anderen Blickwinkel zu betrachten. Der gro\u00dfe Unterschied zur Schulmedizin ist anderer Denkansatz, eine andere Sichtweise, die auch beinhaltet, dass nach der tiefsitzenden Ursache geforscht wird. Auch die Beziehung zwischen Tier und Halter wird ber\u00fccksichtigt, denn nur die ganzheitliche Behandlung f\u00fchrt zu den positiven Erfolgen der Naturheilkunde. Meine Leidenschaft und mein Herz liegen bei den Behandlungen bzw. Ursachenforschung bei der Bioresonanz-Analyse. Das Ergebnis liefert mir die Grundlagen f\u00fcr die Therapien, die zur Anwendung kommen. Aufgrund meiner langj\u00e4hrigen Erfahrung, auch in Zusammenarbeit mit Tier\u00e4rzten und anderen Tiertherapeuten, biete ich Bioresonanz-Testungen mittlerweile auch \u00fcber Haarproben an. Auch diese Form der Testung erm\u00f6glicht mir, einen tiefen Einblick in die Energie des Tieres zu bekommen, um im Anschluss einen passenden Therapieplan erstellen zu k\u00f6nnen. Lesen Sie gerne meine Seiten. Ich w\u00fcrde mich sehr freuen, Sie und Ihr Tier begleiten zu d\u00fcrfen. Ihre Gabi Kirstein-Besel TERMINE NACH VEREINBARUNGPlanen Sie bitte f\u00fcr Termine grunds\u00e4tzlich eine Wartezeit von 6 bis 8 Wochen ein. F\u00fcr Notf\u00e4lle gibt es eine Warteliste. BITTE BEACHTEN SIE:Ich bereite mich auf Sie vor und plane f\u00fcr jede Behandlung 1,5 Stunden meiner Zeit f\u00fcr Sie und Ihr Tier ein.Sollten Sie einen vereinbarten Termin nicht einhalten k\u00f6nnen, sagen Sie ihn bitte mindestens 24 Stunden vorher ab. So geben Sie einem anderen Tier die M\u00f6glichkeit f\u00fcr eine Behandlung.&nbsp;Ich bitte um Verst\u00e4ndnis, dass ich ein Ausfallhonorar bei Nichterscheinen in Rechnung stellen werde. Gem\u00e4\u00df Heilmittelwerbegesetz &#8211; HWG \u00a7 3 weise ich darauf hin, dass es sich bei den angewendeten Therapieformen, um Verfahren der alternativen Medizin handelt, die wissenschaftlich umstritten und schulmedizinisch nicht anerkannt sind.<\/p>\n","protected":false},"author":1,"featured_media":0,"parent":0,"menu_order":0,"comment_status":"closed","ping_status":"closed","template":"","meta":{"footnotes":""},"class_list":["post-330","page","type-page","status-publish","hentry"],"acf":[],"_links":{"self":[{"href":"https:\/\/thp-naturheilkunde.de\/index.php?rest_route=\/wp\/v2\/pages\/330","targetHints":{"allow":["GET"]}}],"collection":[{"href":"https:\/\/thp-naturheilkunde.de\/index.php?rest_route=\/wp\/v2\/pages"}],"about":[{"href":"https:\/\/thp-naturheilkunde.de\/index.php?rest_route=\/wp\/v2\/types\/page"}],"author":[{"embeddable":true,"href":"https:\/\/thp-naturheilkunde.de\/index.php?rest_route=\/wp\/v2\/users\/1"}],"replies":[{"embeddable":true,"href":"https:\/\/thp-naturheilkunde.de\/index.php?rest_route=%2Fwp%2Fv2%2Fcomments&post=330"}],"version-history":[{"count":154,"href":"https:\/\/thp-naturheilkunde.de\/index.php?rest_route=\/wp\/v2\/pages\/330\/revisions"}],"predecessor-version":[{"id":1499,"href":"https:\/\/thp-naturheilkunde.de\/index.php?rest_route=\/wp\/v2\/pages\/330\/revisions\/1499"}],"wp:attachment":[{"href":"https:\/\/thp-naturheilkunde.de\/index.php?rest_route=%2Fwp%2Fv2%2Fmedia&parent=330"}],"curies":[{"name":"wp","href":"https:\/\/api.w.org\/{rel}","templated":true}]}}