{"id":320,"date":"2020-02-02T14:31:00","date_gmt":"2020-02-02T14:31:00","guid":{"rendered":"http:\/\/thp-naturheilkunde.de\/?page_id=320"},"modified":"2023-03-17T08:38:30","modified_gmt":"2023-03-17T08:38:30","slug":"animals-crystals","status":"publish","type":"page","link":"https:\/\/thp-naturheilkunde.de\/?page_id=320","title":{"rendered":"Ixodida und Animals Crystals"},"content":{"rendered":"\n<div style=\"height:35px\" aria-hidden=\"true\" class=\"wp-block-spacer\"><\/div>\n\n\n\n<div class=\"wp-block-columns is-layout-flex wp-container-core-columns-is-layout-9d6595d7 wp-block-columns-is-layout-flex\">\n<div class=\"wp-block-column is-layout-flow wp-block-column-is-layout-flow\" style=\"flex-basis:25%\">\n<figure class=\"wp-block-image size-full is-resized is-style-default\"><img fetchpriority=\"high\" decoding=\"async\" src=\"http:\/\/thp-naturheilkunde.de\/wp-content\/uploads\/2021\/05\/Ixodida-logo.png\" alt=\"\" class=\"wp-image-437\" width=\"257\" height=\"250\" srcset=\"https:\/\/thp-naturheilkunde.de\/wp-content\/uploads\/2021\/05\/Ixodida-logo.png 342w, https:\/\/thp-naturheilkunde.de\/wp-content\/uploads\/2021\/05\/Ixodida-logo-300x292.png 300w\" sizes=\"(max-width: 257px) 100vw, 257px\" \/><\/figure>\n<\/div>\n\n\n\n<div class=\"wp-block-column is-layout-flow wp-block-column-is-layout-flow\" style=\"flex-basis:66.66%\">\n<p><strong>Mit den ersten warmen Tagen beginnt ihre Zeit \u2026 Zecken!<\/strong><\/p>\n\n\n\n<p>Zecken kommen in unseren Breitengraden je nach Witterung vor allem von M\u00e4rz bis Juni\/Juli und dann wieder von September bis Oktober in gro\u00dfer Zahl vor. Aber auch schon in der kalten Jahreszeit treten sie immer h\u00e4ufiger auf. Die ersten Zecken werden bei 7 Grad aktiv, in den trockenen Sommermonaten sind sie nicht ganz so zahlreich. Optimale Lebens- und Entwicklungsbedingungen finden sie bei Temperaturen zwischen 17 und 20 Grad Umgebungstemperatur und einer Luftfeuchtigkeit von 80 bis 95 %. Flohe hingegen k\u00f6nnen das ganz Jahr hindurch eine Plage sein.<\/p>\n\n\n\n<p>Ein weit verbreiteter Irrglaube ist, dass Zecken sich von hohen B\u00e4umen auf ihre Opfer fallen lassen. Da sie es feucht und warm lieben, halten sie sich bevorzugt im Gras, in Str\u00e4ucher und im Unterholz in Bodenn\u00e4he auf. Potenzielle Wirte sind alle sind fast alle S\u00e4ugetiere, also auch unsere Hunde und Katzen, ebenso Pferde.<\/p>\n<\/div>\n<\/div>\n\n\n\n<p><strong>Gefahr f\u00fcr die Gesundheit<\/strong><\/p>\n\n\n\n<p>Bisse und Stiche von Parasiten k\u00f6nnen nicht nur zu Juckreiz, Hautentz\u00fcndungen und Allergien f\u00fchren, sondern stellen durch die \u00dcbertragung von Krankheitserregern eine ernste Gefahr f\u00fcr die Gesundheit unserer Haustiere dar. Immer h\u00e4ufiger kommt es vor, dass durch Zeckenstiche Krankheiten wie Borreliose oder Fr\u00fchsommer-Meningoenzephalitis (FSME) \u00fcbertragen werden, die zu einem gro\u00dfen Problem f\u00fcr unsere Vierbeiner werden k\u00f6nnen. Ein Zeckenstich ist inzwischen eine ernsthafte Angelegenheit und sollte nicht wie ein einfacher M\u00fcckenstich abgetan werden. Besonders gef\u00e4hrdet sind Freig\u00e4ngerkatzen, Pferde auf Wiesen mit hohem Gras und Hunde, die sich viel in der Natur aufhalten.<\/p>\n\n\n\n<p><strong>\u00dcber das Produkt<\/strong><\/p>\n\n\n\n<p>Ixodida ist ein vollkommen geruchsneutrales, chemie- und giftfreies Produkt zur Abwehr von Zecken und Fl\u00f6hen. Dadurch gibt es keinerlei Probleme mit der Akzeptanz, sogar von Katzen wird es ohne Probleme aufgenommen. Die Mischung enth\u00e4lt eine wirksame Auswahl von Edelsteinessenzen und mittels Bioresonanz \u00fcbertragene Schwingungsinformationen. Das Wirkprinzip \u00e4hnelt dem der Hom\u00f6opathie oder Bachbl\u00fctentherapie, auch hier geht es um Informationen, die jede K\u00f6rperzelle des Tieres erreichen. Es entsteht ein f\u00fcr uns nicht wahrnehmbares Schwingungsfeld, eine Art Schutzschild, das Zecken und Fl\u00f6he nicht mehr auf Hunde, Katzen und Pferde reagieren l\u00e4sst. Auch bei Wasserkontakt bleibt die Wirkung uneingeschr\u00e4nkt erhalten.<\/p>\n\n\n\n<p>Ein Mittel zum Wohlf\u00fchlen \u2026 Da keine giftigen Substanzen enthalten sind, k\u00f6nnen die Tiere jederzeit bedenkenlos gestreichelt werden, auch der Kontakt zu Kindern stellt keine Gefahr da.<\/p>\n\n\n\n<p><strong>Anwendung und Dosierung<\/strong><\/p>\n\n\n\n<p>Die Tropfen k\u00f6nnen ins Futter gegeben oder auf einem Leckerli verabreicht werden.<\/p>\n\n\n\n<figure class=\"wp-block-table is-style-stripes\"><table><tbody><tr><td class=\"has-text-align-left\" data-align=\"left\">Katze<\/td><td>1x t\u00e4glich 5 Tropfen<\/td><\/tr><tr><td class=\"has-text-align-left\" data-align=\"left\">Hund<\/td><td>1x t\u00e4glich 10 Tropfen<\/td><\/tr><tr><td class=\"has-text-align-left\" data-align=\"left\">Pferd<\/td><td>1x t\u00e4glich 20 Tropfen<\/td><\/tr><\/tbody><\/table><\/figure>\n\n\n\n<p>Ixodida ist frei von Nebenwirkungen und ist gleicherma\u00dfen f\u00fcr alle Tiere, auch Welpen und Jungtiere geeignet.<\/p>\n\n\n\n<div style=\"height:35px\" aria-hidden=\"true\" class=\"wp-block-spacer\"><\/div>\n\n\n\n<hr class=\"wp-block-separator has-text-color has-alpha-channel-opacity has-background is-style-wide\" style=\"background-color:#628633;color:#628633\"\/>\n\n\n\n<div style=\"height:35px\" aria-hidden=\"true\" class=\"wp-block-spacer\"><\/div>\n\n\n\n<figure class=\"wp-block-image size-large\"><img decoding=\"async\" width=\"1024\" height=\"368\" src=\"http:\/\/thp-naturheilkunde.de\/wp-content\/uploads\/2020\/02\/FB-Titel-1024x368.jpg\" alt=\"\" class=\"wp-image-342\" srcset=\"https:\/\/thp-naturheilkunde.de\/wp-content\/uploads\/2020\/02\/FB-Titel-1024x368.jpg 1024w, https:\/\/thp-naturheilkunde.de\/wp-content\/uploads\/2020\/02\/FB-Titel-300x108.jpg 300w, https:\/\/thp-naturheilkunde.de\/wp-content\/uploads\/2020\/02\/FB-Titel-768x276.jpg 768w, https:\/\/thp-naturheilkunde.de\/wp-content\/uploads\/2020\/02\/FB-Titel-1536x552.jpg 1536w, https:\/\/thp-naturheilkunde.de\/wp-content\/uploads\/2020\/02\/FB-Titel-2048x737.jpg 2048w, https:\/\/thp-naturheilkunde.de\/wp-content\/uploads\/2020\/02\/FB-Titel-1600x575.jpg 1600w\" sizes=\"(max-width: 1024px) 100vw, 1024px\" \/><\/figure>\n\n\n\n<div style=\"height:35px\" aria-hidden=\"true\" class=\"wp-block-spacer\"><\/div>\n\n\n\n<div style=\"height:0px\" aria-hidden=\"true\" class=\"wp-block-spacer\"><\/div>\n\n\n\n<h2 class=\"has-text-color wp-block-heading\" style=\"color:#628633\">Animals Crystals<\/h2>\n\n\n\n<p>Edelsteine werden nicht nur als Schmucksteine verwendet, sondern wegen ihren besonderen Kr\u00e4ften auch zu Heilzwecken eingesetzt. Ihre vielf\u00e4ltigen therapeutischen Wirkungen werden noch immer erforscht und es wurden verschiedene Anwendungsformen entwickelt \u2013 vom einfachen Tragen eines ausgew\u00e4hlten Steins bis hin zur Gewinnung au\u00dfergew\u00f6hnlicher Edelstein-Essenzen.<\/p>\n\n\n\n<p>Es waren die ber\u00fchmten \u201eZu-F\u00e4lle\u201c, die mich zu den Edelsteinessenzen und dessen Herstellung gef\u00fchrt haben. Besonders in der Tier-Therapie bieten sie viele Vorteile gegen\u00fcber den direkt eingesetzten Heilsteinen, da die Dosierung entsprechend angepasst werden kann und die Steine nicht verloren gehen k\u00f6nnen. Edelsteinessenzen k\u00f6nnen erg\u00e4nzend zu allen anderen Therapien und Medikamenten gegeben werden. Durch die besondere feinstoffliche Wirkung kommt es zu keinerlei Wechselwirkungen mit anderen Mitteln.<\/p>\n\n\n\n<p><strong>Von mir zusammengestellte Mischungen<\/strong><\/p>\n\n\n\n<figure class=\"wp-block-table is-style-stripes\"><table><tbody><tr><td><em>Simsebim<\/em><\/td><td>zur Verbesserung der Wundheilung und Narbenentst\u00f6rung \u2013 auch gut als Erste Hilfe-Mittel<\/td><\/tr><tr><td><em>Crystal Star<\/em><\/td><td>Chakren-Mischung, harmonisiert K\u00f6rper, Geist und Seele<\/td><\/tr><tr><td><em>Green Crystals<\/em><\/td><td>zur Unterst\u00fctzung des Stoffwechsels und f\u00fcr ein gesundes Fellwachstum<\/td><\/tr><tr><td><em>Merlin<\/em><\/td><td>zur Unterst\u00fctzung des Immunsystems<\/td><\/tr><tr><td><em>Tomte<\/em><\/td><td>hilfreich bei Arthrose und Beschwerden mit dem Bewegungsapparat<\/td><\/tr><tr><td><em>Lacrima<\/em><\/td><td>bei Hautproblemen und Juckreiz<\/td><\/tr><tr><td><em>Morgana<\/em><\/td><td>zur Regulierung des Hormonsystems<\/td><\/tr><tr><td><em>Sir Henry<\/em><\/td><td>Hilfe f\u00fcr \u00e4ngstliche Tiere \u2013 auch in Stresssituationen<\/td><\/tr><tr><td><em>Anapneo<\/em><\/td><td>bei Husten und Atemwegsproblemen<\/td><\/tr><\/tbody><\/table><\/figure>\n\n\n\n<p>Preis: Blauglasflasche 30 ml mit Pipette 15 EUR zzgl. Versandkosten<\/p>\n\n\n\n<p>Gerne stelle ich Ihnen eine individuelle Mischung f\u00fcr Ihr Tier hier. Einzelessenzen auf Anfrage erh\u00e4ltlich.<\/p>\n\n\n\n<p><strong>Anwendung und Dosierung<\/strong><\/p>\n\n\n\n<p>Geben Sie einfach 5 Tropfen ins Trinkwasser oder auf das Futter. <br>F\u00fcr die \u00e4u\u00dfere Anwendung k\u00f6nnen einfach ein paar Tropfen auf das Fell gegeben werden.<\/p>\n","protected":false},"excerpt":{"rendered":"<p>Mit den ersten warmen Tagen beginnt ihre Zeit \u2026 Zecken! Zecken kommen in unseren Breitengraden je nach Witterung vor allem von M\u00e4rz bis Juni\/Juli und dann wieder von September bis Oktober in gro\u00dfer Zahl vor. Aber auch schon in der kalten Jahreszeit treten sie immer h\u00e4ufiger auf. Die ersten Zecken werden bei 7 Grad aktiv, in den trockenen Sommermonaten sind sie nicht ganz so zahlreich. Optimale Lebens- und Entwicklungsbedingungen finden sie bei Temperaturen zwischen 17 und 20 Grad Umgebungstemperatur und einer Luftfeuchtigkeit von 80 bis 95 %. Flohe hingegen k\u00f6nnen das ganz Jahr hindurch eine Plage sein. Ein weit verbreiteter Irrglaube ist, dass Zecken sich von hohen B\u00e4umen auf ihre Opfer fallen lassen. Da sie es feucht und warm lieben, halten sie sich bevorzugt im Gras, in Str\u00e4ucher und im Unterholz in Bodenn\u00e4he auf. Potenzielle Wirte sind alle sind fast alle S\u00e4ugetiere, also auch unsere Hunde und Katzen, ebenso Pferde. Gefahr f\u00fcr die Gesundheit Bisse und Stiche von Parasiten k\u00f6nnen nicht nur zu Juckreiz, Hautentz\u00fcndungen und Allergien f\u00fchren, sondern stellen durch die \u00dcbertragung von Krankheitserregern eine ernste Gefahr f\u00fcr die Gesundheit unserer Haustiere dar. Immer h\u00e4ufiger kommt es vor, dass durch Zeckenstiche Krankheiten wie Borreliose oder Fr\u00fchsommer-Meningoenzephalitis (FSME) \u00fcbertragen werden, die zu einem gro\u00dfen Problem f\u00fcr unsere Vierbeiner werden k\u00f6nnen. Ein Zeckenstich ist inzwischen eine ernsthafte Angelegenheit und sollte nicht wie ein einfacher M\u00fcckenstich abgetan werden. Besonders gef\u00e4hrdet sind Freig\u00e4ngerkatzen, Pferde auf Wiesen mit hohem Gras und Hunde, die sich viel in der Natur aufhalten. \u00dcber das Produkt Ixodida ist ein vollkommen geruchsneutrales, chemie- und giftfreies Produkt zur Abwehr von Zecken und Fl\u00f6hen. Dadurch gibt es keinerlei Probleme mit der Akzeptanz, sogar von Katzen wird es ohne Probleme aufgenommen. Die Mischung enth\u00e4lt eine wirksame Auswahl von Edelsteinessenzen und mittels Bioresonanz \u00fcbertragene Schwingungsinformationen. Das Wirkprinzip \u00e4hnelt dem der Hom\u00f6opathie oder Bachbl\u00fctentherapie, auch hier geht es um Informationen, die jede K\u00f6rperzelle des Tieres erreichen. Es entsteht ein f\u00fcr uns nicht wahrnehmbares Schwingungsfeld, eine Art Schutzschild, das Zecken und Fl\u00f6he nicht mehr auf Hunde, Katzen und Pferde reagieren l\u00e4sst. Auch bei Wasserkontakt bleibt die Wirkung uneingeschr\u00e4nkt erhalten. Ein Mittel zum Wohlf\u00fchlen \u2026 Da keine giftigen Substanzen enthalten sind, k\u00f6nnen die Tiere jederzeit bedenkenlos gestreichelt werden, auch der Kontakt zu Kindern stellt keine Gefahr da. Anwendung und Dosierung Die Tropfen k\u00f6nnen ins Futter gegeben oder auf einem Leckerli verabreicht werden. Katze 1x t\u00e4glich 5 Tropfen Hund 1x t\u00e4glich 10 Tropfen Pferd 1x t\u00e4glich 20 Tropfen Ixodida ist frei von Nebenwirkungen und ist gleicherma\u00dfen f\u00fcr alle Tiere, auch Welpen und Jungtiere geeignet. Animals Crystals Edelsteine werden nicht nur als Schmucksteine verwendet, sondern wegen ihren besonderen Kr\u00e4ften auch zu Heilzwecken eingesetzt. Ihre vielf\u00e4ltigen therapeutischen Wirkungen werden noch immer erforscht und es wurden verschiedene Anwendungsformen entwickelt \u2013 vom einfachen Tragen eines ausgew\u00e4hlten Steins bis hin zur Gewinnung au\u00dfergew\u00f6hnlicher Edelstein-Essenzen. Es waren die ber\u00fchmten \u201eZu-F\u00e4lle\u201c, die mich zu den Edelsteinessenzen und dessen Herstellung gef\u00fchrt haben. Besonders in der Tier-Therapie bieten sie viele Vorteile gegen\u00fcber den direkt eingesetzten Heilsteinen, da die Dosierung entsprechend angepasst werden kann und die Steine nicht verloren gehen k\u00f6nnen. Edelsteinessenzen k\u00f6nnen erg\u00e4nzend zu allen anderen Therapien und Medikamenten gegeben werden. Durch die besondere feinstoffliche Wirkung kommt es zu keinerlei Wechselwirkungen mit anderen Mitteln. Von mir zusammengestellte Mischungen Simsebim zur Verbesserung der Wundheilung und Narbenentst\u00f6rung \u2013 auch gut als Erste Hilfe-Mittel Crystal Star Chakren-Mischung, harmonisiert K\u00f6rper, Geist und Seele Green Crystals zur Unterst\u00fctzung des Stoffwechsels und f\u00fcr ein gesundes Fellwachstum Merlin zur Unterst\u00fctzung des Immunsystems Tomte hilfreich bei Arthrose und Beschwerden mit dem Bewegungsapparat Lacrima bei Hautproblemen und Juckreiz Morgana zur Regulierung des Hormonsystems Sir Henry Hilfe f\u00fcr \u00e4ngstliche Tiere \u2013 auch in Stresssituationen Anapneo bei Husten und Atemwegsproblemen Preis: Blauglasflasche 30 ml mit Pipette 15 EUR zzgl. Versandkosten Gerne stelle ich Ihnen eine individuelle Mischung f\u00fcr Ihr Tier hier. Einzelessenzen auf Anfrage erh\u00e4ltlich. Anwendung und Dosierung Geben Sie einfach 5 Tropfen ins Trinkwasser oder auf das Futter. F\u00fcr die \u00e4u\u00dfere Anwendung k\u00f6nnen einfach ein paar Tropfen auf das Fell gegeben werden.<\/p>\n","protected":false},"author":1,"featured_media":0,"parent":0,"menu_order":0,"comment_status":"closed","ping_status":"closed","template":"","meta":{"footnotes":""},"class_list":["post-320","page","type-page","status-publish","hentry"],"acf":[],"_links":{"self":[{"href":"https:\/\/thp-naturheilkunde.de\/index.php?rest_route=\/wp\/v2\/pages\/320","targetHints":{"allow":["GET"]}}],"collection":[{"href":"https:\/\/thp-naturheilkunde.de\/index.php?rest_route=\/wp\/v2\/pages"}],"about":[{"href":"https:\/\/thp-naturheilkunde.de\/index.php?rest_route=\/wp\/v2\/types\/page"}],"author":[{"embeddable":true,"href":"https:\/\/thp-naturheilkunde.de\/index.php?rest_route=\/wp\/v2\/users\/1"}],"replies":[{"embeddable":true,"href":"https:\/\/thp-naturheilkunde.de\/index.php?rest_route=%2Fwp%2Fv2%2Fcomments&post=320"}],"version-history":[{"count":15,"href":"https:\/\/thp-naturheilkunde.de\/index.php?rest_route=\/wp\/v2\/pages\/320\/revisions"}],"predecessor-version":[{"id":797,"href":"https:\/\/thp-naturheilkunde.de\/index.php?rest_route=\/wp\/v2\/pages\/320\/revisions\/797"}],"wp:attachment":[{"href":"https:\/\/thp-naturheilkunde.de\/index.php?rest_route=%2Fwp%2Fv2%2Fmedia&parent=320"}],"curies":[{"name":"wp","href":"https:\/\/api.w.org\/{rel}","templated":true}]}}