{"id":276,"date":"2020-02-01T15:42:15","date_gmt":"2020-02-01T15:42:15","guid":{"rendered":"http:\/\/thp-naturheilkunde.de\/?page_id=276"},"modified":"2024-05-06T13:49:48","modified_gmt":"2024-05-06T13:49:48","slug":"reiki","status":"publish","type":"page","link":"https:\/\/thp-naturheilkunde.de\/?page_id=276","title":{"rendered":"Reiki"},"content":{"rendered":"\n<p>Zu Beginn des 20. Jahrhunderts\nwurde Reiki von dem buddhistischen M\u00f6nch<strong> <\/strong><strong>Dr. Mikao Usui<\/strong>\nwieder entdeckt und weiter entwickelt. Es bezeichnet eine urspr\u00fcngliche Form\ndes Heilens \u00fcber das fein- stoffliche Energiesystem des Menschen und seine\nVerbindung zur universellen Lebensenergie. <\/p>\n\n\n\n<p>Zu\nallen Zeiten hat es Menschen gegeben, die durch das Auflegen der H\u00e4nde\nHeilenergien an andere Menschen weitergaben. Die F\u00e4higkeit der \u00dcbertragung von\nEnergien \u00fcber das Auflegen der H\u00e4nde ist allerdings eine Begabung, die jeder\nMensch in sich tr\u00e4gt. <\/p>\n\n\n\n<p>R E I = Universelle<br>K I = Lebensenergie<\/p>\n\n\n\n<p>Reiki (sprich reeki) ist ein japanisches Wort f\u00fcr diese Lebensenergie und gleichsam der Name f\u00fcr eine uralte Entspannungs- und Heilmethode, die es uns erm\u00f6glicht, die \u00dcbertragung dieser feinstofflichen Energie durch sanftes Auflegen der H\u00e4nde zu verst\u00e4rken.<\/p>\n\n\n\n<p>Ein Mensch und auch jedes Tier, dessen K\u00f6rper ausreichend und harmonisch von Lebensenergie durchstr\u00f6mt wird, erfreut sich k\u00f6rperlich, emotional und geistig bester Gesundheit. <\/p>\n\n\n\n<p>Leider ist Reiki f\u00fcr\nTiere nur sehr unzureichend bekannt, denn viele Reikimeister widmen sich noch\nimmer vorwiegend den Menschen. Ebenso sind bislang nur wenige Tier\u00e4rzte oder\nHeilpraktiker mit der Methodik vertraut. <\/p>\n\n\n\n<p>Reiki ist eine hervorragende zus\u00e4tzliche Therapiemethode, die unterst\u00fctzend wirkt und gut mit anderen Therapieformen harmonisiert. In den Tierheimen und Pflegestellen ist Reiki ebenfalls noch unzureichend bekannt.<\/p>\n\n\n\n<p>Grunds\u00e4tzlich kann\njedes Tier mit Reiki behandelt werden, vorausgesetzt es will es auch, denn man\nsollte es in gar keinem Fall zwingen.<\/p>\n\n\n\n<p>Reiki kann folgendes\nbewirken: <\/p>\n\n\n\n<ul class=\"wp-block-list\">\n<li>Linderung von Schmerzen bei akuten oder chronischen Beschwerden <\/li>\n\n\n\n<li>Entgiftung <\/li>\n\n\n\n<li>bessere Versorgung des K\u00f6rpers mit Lebenskraft (Muskeln, Organe, Zellen) <\/li>\n\n\n\n<li>St\u00e4rkung des Immunsystems <\/li>\n\n\n\n<li>St\u00e4rkung der Selbstheilungskr\u00e4fte und schnellere Genesung <\/li>\n\n\n\n<li>innere Ruhe und Gelassenheit <\/li>\n\n\n\n<li>Wiederherstellung von Harmonie und Wohlbefinden <\/li>\n\n\n\n<li>freierer Fluss von Atem und Lebensenergie <\/li>\n\n\n\n<li>L\u00f6sen von Energie- und Gef\u00fchlsblockaden <\/li>\n<\/ul>\n\n\n\n<p>Gute Erfolge lassen\ndaher auch bei psychischen oder psychosomatischen Krankheiten\n(Verhaltensauff\u00e4lligkeiten) erzielen.<\/p>\n\n\n\n<p>Ich bin freie\nReiki-Meisterin und keiner Organisation angeschlossen.<\/p>\n\n\n\n<p>F\u00fcr mich ist Reiki ein t\u00e4glich zu erlebendes, ein \u201eallt\u00e4gliches\u201c Wunder!<\/p>\n\n\n<div class=\"wp-block-image\">\n<figure class=\"aligncenter size-large\"><img fetchpriority=\"high\" decoding=\"async\" width=\"1024\" height=\"678\" src=\"http:\/\/thp-naturheilkunde.de\/wp-content\/uploads\/2020\/02\/DSC_7410_4996-1024x678.jpg\" alt=\"\" class=\"wp-image-278\" srcset=\"https:\/\/thp-naturheilkunde.de\/wp-content\/uploads\/2020\/02\/DSC_7410_4996-1024x678.jpg 1024w, https:\/\/thp-naturheilkunde.de\/wp-content\/uploads\/2020\/02\/DSC_7410_4996-300x199.jpg 300w, https:\/\/thp-naturheilkunde.de\/wp-content\/uploads\/2020\/02\/DSC_7410_4996-768x509.jpg 768w, https:\/\/thp-naturheilkunde.de\/wp-content\/uploads\/2020\/02\/DSC_7410_4996-1536x1017.jpg 1536w, https:\/\/thp-naturheilkunde.de\/wp-content\/uploads\/2020\/02\/DSC_7410_4996-2048x1356.jpg 2048w, https:\/\/thp-naturheilkunde.de\/wp-content\/uploads\/2020\/02\/DSC_7410_4996-1600x1060.jpg 1600w\" sizes=\"(max-width: 1024px) 100vw, 1024px\" \/><figcaption class=\"wp-element-caption\">Reiki beim Pferd<\/figcaption><\/figure><\/div>","protected":false},"excerpt":{"rendered":"<p>Zu Beginn des 20. Jahrhunderts wurde Reiki von dem buddhistischen M\u00f6nch Dr. Mikao Usui wieder entdeckt und weiter entwickelt. Es bezeichnet eine urspr\u00fcngliche Form des Heilens \u00fcber das fein- stoffliche Energiesystem des Menschen und seine Verbindung zur universellen Lebensenergie. Zu allen Zeiten hat es Menschen gegeben, die durch das Auflegen der H\u00e4nde Heilenergien an andere Menschen weitergaben. Die F\u00e4higkeit der \u00dcbertragung von Energien \u00fcber das Auflegen der H\u00e4nde ist allerdings eine Begabung, die jeder Mensch in sich tr\u00e4gt. R E I = UniverselleK I = Lebensenergie Reiki (sprich reeki) ist ein japanisches Wort f\u00fcr diese Lebensenergie und gleichsam der Name f\u00fcr eine uralte Entspannungs- und Heilmethode, die es uns erm\u00f6glicht, die \u00dcbertragung dieser feinstofflichen Energie durch sanftes Auflegen der H\u00e4nde zu verst\u00e4rken. Ein Mensch und auch jedes Tier, dessen K\u00f6rper ausreichend und harmonisch von Lebensenergie durchstr\u00f6mt wird, erfreut sich k\u00f6rperlich, emotional und geistig bester Gesundheit. Leider ist Reiki f\u00fcr Tiere nur sehr unzureichend bekannt, denn viele Reikimeister widmen sich noch immer vorwiegend den Menschen. Ebenso sind bislang nur wenige Tier\u00e4rzte oder Heilpraktiker mit der Methodik vertraut. Reiki ist eine hervorragende zus\u00e4tzliche Therapiemethode, die unterst\u00fctzend wirkt und gut mit anderen Therapieformen harmonisiert. In den Tierheimen und Pflegestellen ist Reiki ebenfalls noch unzureichend bekannt. Grunds\u00e4tzlich kann jedes Tier mit Reiki behandelt werden, vorausgesetzt es will es auch, denn man sollte es in gar keinem Fall zwingen. Reiki kann folgendes bewirken: Gute Erfolge lassen daher auch bei psychischen oder psychosomatischen Krankheiten (Verhaltensauff\u00e4lligkeiten) erzielen. Ich bin freie Reiki-Meisterin und keiner Organisation angeschlossen. F\u00fcr mich ist Reiki ein t\u00e4glich zu erlebendes, ein \u201eallt\u00e4gliches\u201c Wunder!<\/p>\n","protected":false},"author":1,"featured_media":690,"parent":0,"menu_order":0,"comment_status":"closed","ping_status":"closed","template":"","meta":{"footnotes":""},"class_list":["post-276","page","type-page","status-publish","has-post-thumbnail","hentry"],"acf":[],"_links":{"self":[{"href":"https:\/\/thp-naturheilkunde.de\/index.php?rest_route=\/wp\/v2\/pages\/276","targetHints":{"allow":["GET"]}}],"collection":[{"href":"https:\/\/thp-naturheilkunde.de\/index.php?rest_route=\/wp\/v2\/pages"}],"about":[{"href":"https:\/\/thp-naturheilkunde.de\/index.php?rest_route=\/wp\/v2\/types\/page"}],"author":[{"embeddable":true,"href":"https:\/\/thp-naturheilkunde.de\/index.php?rest_route=\/wp\/v2\/users\/1"}],"replies":[{"embeddable":true,"href":"https:\/\/thp-naturheilkunde.de\/index.php?rest_route=%2Fwp%2Fv2%2Fcomments&post=276"}],"version-history":[{"count":7,"href":"https:\/\/thp-naturheilkunde.de\/index.php?rest_route=\/wp\/v2\/pages\/276\/revisions"}],"predecessor-version":[{"id":936,"href":"https:\/\/thp-naturheilkunde.de\/index.php?rest_route=\/wp\/v2\/pages\/276\/revisions\/936"}],"wp:featuredmedia":[{"embeddable":true,"href":"https:\/\/thp-naturheilkunde.de\/index.php?rest_route=\/wp\/v2\/media\/690"}],"wp:attachment":[{"href":"https:\/\/thp-naturheilkunde.de\/index.php?rest_route=%2Fwp%2Fv2%2Fmedia&parent=276"}],"curies":[{"name":"wp","href":"https:\/\/api.w.org\/{rel}","templated":true}]}}