{"id":271,"date":"2020-02-01T15:09:39","date_gmt":"2020-02-01T15:09:39","guid":{"rendered":"http:\/\/thp-naturheilkunde.de\/?page_id=271"},"modified":"2024-05-06T13:45:06","modified_gmt":"2024-05-06T13:45:06","slug":"kolloidales-silber","status":"publish","type":"page","link":"https:\/\/thp-naturheilkunde.de\/?page_id=271","title":{"rendered":"Kolloidales Silber"},"content":{"rendered":"\n<p>Die Alternative zu Antibiotika! Anfang des 20. Jahrhunderts, als noch kein Antibiotika entwickelt war, machte man bemerkenswerte Behandlungserfolge mit Hilfe des kolloidalen Silbers. Doch f\u00fcr die Pharmaindustrie waren nat\u00fcrlich die synthetisch hergestellten Arzneimittel viel lukrativer. Heute jedoch greift man \u00f6fter wieder auf dieses Wundermittel zur\u00fcck, nicht zu unrecht.<\/p>\n\n\n\n<p><em>Kolloidales Silber sind kleinste Silberteilchen, die ungel\u00f6st in destilliertem Wasser vorliegen.<\/em><\/p>\n\n\n\n<p>Durch die vom Silber erzeugten Schwingungen (Frequenz) werden die pathogenen Keime abget\u00f6tet. Es kommt somit zu einer kompletten Eradikation von Bakterien und \u00e4hnlichem. Der Vorteil gegen\u00fcber Antibiotika besteht darin, dass die Darmflora erhalten bleibt.<\/p>\n\n\n\n<p>Bei Parasiten- und Pilzbefall, chronischer Ersch\u00f6pfung und bei allen Bakterien- und Virusinfektionen empfehle ich die &nbsp;innerliche Anwendung, aber auch bei vielen anderen Erkrankungen kann kolloidales Silber unverd\u00fcnnt oder mit Wasser verd\u00fcnnt verabreicht werden. Die Aufnahme erfolgt bereits \u00fcber die Mundschleimhaut.<\/p>\n\n\n\n<p>Fast jede Art von Pilz, Virus, Bakterium, Streptokokken, Staphylokokken und anderen pathogenen Organismen wird in drei bis vier Minuten abget\u00f6tet. Tats\u00e4chlich ist kaum ein Bakterium bekannt, das nicht durch kolloidales Silber innerhalb von h\u00f6chstens sechs Minuten eliminiert wird, bei einer Konzentration von nur f\u00fcnf Milligramm pro Liter (ppm). Und selbst bei hohen Konzentrationen gibt es keine bekannten Nebenwirkungen.<\/p>\n\n\n\n<p>Die \u00e4u\u00dfere Anwendung kommt bei Hauterkrankungen wie Ekzemen, Warzen, offenen Wunden, Insektenstichen, Herpes, Pilzen und \u00e4hnlichen Beschwerden in Frage.<\/p>\n\n\n\n<p>Bei diesen Erkrankungen werden die betroffenen Stellen mit einem mit kolloidalem Silber getr\u00e4nkten Tupfer eingerieben. Eine andere bew\u00e4hrte Methode ist das Anlegen eines mit kolloidalem Silber getr\u00e4nkten Verbandes. Kolloidales Silber wirkt in direktem Kontakt mit der Haut oder Schleimhaut immer antibiotisch und t\u00f6tet die Bakterien und Viren ab. Es wurde mit hervorragenden Ergebnissen bei hochakuten Gesundheitsproblemen eingesetzt.<\/p>\n\n\n\n<p><\/p>\n\n\n\n<p><\/p>\n\n\n\n<p><\/p>\n","protected":false},"excerpt":{"rendered":"<p>Die Alternative zu Antibiotika! Anfang des 20. Jahrhunderts, als noch kein Antibiotika entwickelt war, machte man bemerkenswerte Behandlungserfolge mit Hilfe des kolloidalen Silbers. Doch f\u00fcr die Pharmaindustrie waren nat\u00fcrlich die synthetisch hergestellten Arzneimittel viel lukrativer. Heute jedoch greift man \u00f6fter wieder auf dieses Wundermittel zur\u00fcck, nicht zu unrecht. Kolloidales Silber sind kleinste Silberteilchen, die ungel\u00f6st in destilliertem Wasser vorliegen. Durch die vom Silber erzeugten Schwingungen (Frequenz) werden die pathogenen Keime abget\u00f6tet. Es kommt somit zu einer kompletten Eradikation von Bakterien und \u00e4hnlichem. Der Vorteil gegen\u00fcber Antibiotika besteht darin, dass die Darmflora erhalten bleibt. Bei Parasiten- und Pilzbefall, chronischer Ersch\u00f6pfung und bei allen Bakterien- und Virusinfektionen empfehle ich die &nbsp;innerliche Anwendung, aber auch bei vielen anderen Erkrankungen kann kolloidales Silber unverd\u00fcnnt oder mit Wasser verd\u00fcnnt verabreicht werden. Die Aufnahme erfolgt bereits \u00fcber die Mundschleimhaut. Fast jede Art von Pilz, Virus, Bakterium, Streptokokken, Staphylokokken und anderen pathogenen Organismen wird in drei bis vier Minuten abget\u00f6tet. Tats\u00e4chlich ist kaum ein Bakterium bekannt, das nicht durch kolloidales Silber innerhalb von h\u00f6chstens sechs Minuten eliminiert wird, bei einer Konzentration von nur f\u00fcnf Milligramm pro Liter (ppm). Und selbst bei hohen Konzentrationen gibt es keine bekannten Nebenwirkungen. Die \u00e4u\u00dfere Anwendung kommt bei Hauterkrankungen wie Ekzemen, Warzen, offenen Wunden, Insektenstichen, Herpes, Pilzen und \u00e4hnlichen Beschwerden in Frage. Bei diesen Erkrankungen werden die betroffenen Stellen mit einem mit kolloidalem Silber getr\u00e4nkten Tupfer eingerieben. Eine andere bew\u00e4hrte Methode ist das Anlegen eines mit kolloidalem Silber getr\u00e4nkten Verbandes. Kolloidales Silber wirkt in direktem Kontakt mit der Haut oder Schleimhaut immer antibiotisch und t\u00f6tet die Bakterien und Viren ab. Es wurde mit hervorragenden Ergebnissen bei hochakuten Gesundheitsproblemen eingesetzt.<\/p>\n","protected":false},"author":1,"featured_media":884,"parent":0,"menu_order":0,"comment_status":"closed","ping_status":"closed","template":"","meta":{"footnotes":""},"class_list":["post-271","page","type-page","status-publish","has-post-thumbnail","hentry"],"acf":[],"_links":{"self":[{"href":"https:\/\/thp-naturheilkunde.de\/index.php?rest_route=\/wp\/v2\/pages\/271","targetHints":{"allow":["GET"]}}],"collection":[{"href":"https:\/\/thp-naturheilkunde.de\/index.php?rest_route=\/wp\/v2\/pages"}],"about":[{"href":"https:\/\/thp-naturheilkunde.de\/index.php?rest_route=\/wp\/v2\/types\/page"}],"author":[{"embeddable":true,"href":"https:\/\/thp-naturheilkunde.de\/index.php?rest_route=\/wp\/v2\/users\/1"}],"replies":[{"embeddable":true,"href":"https:\/\/thp-naturheilkunde.de\/index.php?rest_route=%2Fwp%2Fv2%2Fcomments&post=271"}],"version-history":[{"count":6,"href":"https:\/\/thp-naturheilkunde.de\/index.php?rest_route=\/wp\/v2\/pages\/271\/revisions"}],"predecessor-version":[{"id":932,"href":"https:\/\/thp-naturheilkunde.de\/index.php?rest_route=\/wp\/v2\/pages\/271\/revisions\/932"}],"wp:featuredmedia":[{"embeddable":true,"href":"https:\/\/thp-naturheilkunde.de\/index.php?rest_route=\/wp\/v2\/media\/884"}],"wp:attachment":[{"href":"https:\/\/thp-naturheilkunde.de\/index.php?rest_route=%2Fwp%2Fv2%2Fmedia&parent=271"}],"curies":[{"name":"wp","href":"https:\/\/api.w.org\/{rel}","templated":true}]}}