{"id":267,"date":"2020-02-01T15:06:54","date_gmt":"2020-02-01T15:06:54","guid":{"rendered":"http:\/\/thp-naturheilkunde.de\/?page_id=267"},"modified":"2024-05-06T13:42:54","modified_gmt":"2024-05-06T13:42:54","slug":"propolis","status":"publish","type":"page","link":"https:\/\/thp-naturheilkunde.de\/?page_id=267","title":{"rendered":"Propolis"},"content":{"rendered":"\n<p>Propolis wird von Bienen aus Knospen und\nteilweise aus der Rinde verschiedener B\u00e4ume, haupts\u00e4chlich Birken, Buchen,\nErlen, Fichten, Pappeln, Rosskastanien und Ulmen gewonnen. Es handelt sich um\nein Kittharz, das f\u00fcr den Bau des Bienenstocks, zum Abdichten verwendet\nwird. Aus der Schutz-Aufgabe leitet sich auch der Name ab, denn\n&#8222;Propolis&#8220; bedeutet: Besch\u00fctzer\nder Stadt (des Bienenstocks).<\/p>\n\n\n\n<p>Propolis besteht aus Harz (55 %), Pollenbalsam, Wachs (30 %), fl\u00fcchtigen \u00d6len (10 %), Pollen (5 %) und diversen Spurenelementen. Der typische Geruch ist w\u00fcrzig-balsamisch.<\/p>\n\n\n<div class=\"wp-block-image\">\n<figure class=\"aligncenter size-full\"><img fetchpriority=\"high\" decoding=\"async\" width=\"2160\" height=\"1440\" src=\"http:\/\/thp-naturheilkunde.de\/wp-content\/uploads\/2020\/02\/honig_1.jpg\" alt=\"\" class=\"wp-image-268\" srcset=\"https:\/\/thp-naturheilkunde.de\/wp-content\/uploads\/2020\/02\/honig_1.jpg 2160w, https:\/\/thp-naturheilkunde.de\/wp-content\/uploads\/2020\/02\/honig_1-300x200.jpg 300w, https:\/\/thp-naturheilkunde.de\/wp-content\/uploads\/2020\/02\/honig_1-1024x683.jpg 1024w, https:\/\/thp-naturheilkunde.de\/wp-content\/uploads\/2020\/02\/honig_1-768x512.jpg 768w, https:\/\/thp-naturheilkunde.de\/wp-content\/uploads\/2020\/02\/honig_1-1536x1024.jpg 1536w, https:\/\/thp-naturheilkunde.de\/wp-content\/uploads\/2020\/02\/honig_1-2048x1365.jpg 2048w, https:\/\/thp-naturheilkunde.de\/wp-content\/uploads\/2020\/02\/honig_1-1600x1067.jpg 1600w\" sizes=\"(max-width: 2160px) 100vw, 2160px\" \/><\/figure><\/div>\n\n\n<p>Bei der Behandlung mit Propolis kommen vor allem die Wirkungen gegen Krankheitserreger wie Bakterien, Viren und Pilze zum Tragen. Denn Propolis wirkt antibakteriell, antiviral, fungizid, immunstimulierend, schmerzlindernd, entz\u00fcndungshemmend und wundheilend.<\/p>\n\n\n\n<p>Medizinisch best\u00e4tigt wurde die Wirksamkeit von Propolis bei zahlreichen\nBeschwerden und Erkrankungen der Haut. Dies gilt insbesondere f\u00fcr Abszesse, Geschw\u00fcre,\nEkzeme, Wunden und Entz\u00fcndungen. <\/p>\n","protected":false},"excerpt":{"rendered":"<p>Propolis wird von Bienen aus Knospen und teilweise aus der Rinde verschiedener B\u00e4ume, haupts\u00e4chlich Birken, Buchen, Erlen, Fichten, Pappeln, Rosskastanien und Ulmen gewonnen. Es handelt sich um ein Kittharz, das f\u00fcr den Bau des Bienenstocks, zum Abdichten verwendet wird. Aus der Schutz-Aufgabe leitet sich auch der Name ab, denn &#8222;Propolis&#8220; bedeutet: Besch\u00fctzer der Stadt (des Bienenstocks). Propolis besteht aus Harz (55 %), Pollenbalsam, Wachs (30 %), fl\u00fcchtigen \u00d6len (10 %), Pollen (5 %) und diversen Spurenelementen. Der typische Geruch ist w\u00fcrzig-balsamisch. Bei der Behandlung mit Propolis kommen vor allem die Wirkungen gegen Krankheitserreger wie Bakterien, Viren und Pilze zum Tragen. Denn Propolis wirkt antibakteriell, antiviral, fungizid, immunstimulierend, schmerzlindernd, entz\u00fcndungshemmend und wundheilend. Medizinisch best\u00e4tigt wurde die Wirksamkeit von Propolis bei zahlreichen Beschwerden und Erkrankungen der Haut. Dies gilt insbesondere f\u00fcr Abszesse, Geschw\u00fcre, Ekzeme, Wunden und Entz\u00fcndungen.<\/p>\n","protected":false},"author":1,"featured_media":0,"parent":0,"menu_order":0,"comment_status":"closed","ping_status":"closed","template":"","meta":{"footnotes":""},"class_list":["post-267","page","type-page","status-publish","hentry"],"acf":[],"_links":{"self":[{"href":"https:\/\/thp-naturheilkunde.de\/index.php?rest_route=\/wp\/v2\/pages\/267","targetHints":{"allow":["GET"]}}],"collection":[{"href":"https:\/\/thp-naturheilkunde.de\/index.php?rest_route=\/wp\/v2\/pages"}],"about":[{"href":"https:\/\/thp-naturheilkunde.de\/index.php?rest_route=\/wp\/v2\/types\/page"}],"author":[{"embeddable":true,"href":"https:\/\/thp-naturheilkunde.de\/index.php?rest_route=\/wp\/v2\/users\/1"}],"replies":[{"embeddable":true,"href":"https:\/\/thp-naturheilkunde.de\/index.php?rest_route=%2Fwp%2Fv2%2Fcomments&post=267"}],"version-history":[{"count":3,"href":"https:\/\/thp-naturheilkunde.de\/index.php?rest_route=\/wp\/v2\/pages\/267\/revisions"}],"predecessor-version":[{"id":861,"href":"https:\/\/thp-naturheilkunde.de\/index.php?rest_route=\/wp\/v2\/pages\/267\/revisions\/861"}],"wp:attachment":[{"href":"https:\/\/thp-naturheilkunde.de\/index.php?rest_route=%2Fwp%2Fv2%2Fmedia&parent=267"}],"curies":[{"name":"wp","href":"https:\/\/api.w.org\/{rel}","templated":true}]}}