{"id":243,"date":"2020-02-01T14:29:37","date_gmt":"2020-02-01T14:29:37","guid":{"rendered":"http:\/\/thp-naturheilkunde.de\/?page_id=243"},"modified":"2023-03-17T09:29:53","modified_gmt":"2023-03-17T09:29:53","slug":"bachblueten","status":"publish","type":"page","link":"https:\/\/thp-naturheilkunde.de\/?page_id=243","title":{"rendered":"Bach-Bl\u00fctentherapie"},"content":{"rendered":"\n<div class=\"wp-block-columns is-layout-flex wp-container-core-columns-is-layout-9d6595d7 wp-block-columns-is-layout-flex\">\n<div class=\"wp-block-column is-layout-flow wp-block-column-is-layout-flow\">\n<figure class=\"wp-block-image size-large is-style-default\"><img fetchpriority=\"high\" decoding=\"async\" width=\"768\" height=\"1024\" src=\"http:\/\/thp-naturheilkunde.de\/wp-content\/uploads\/2023\/03\/55bea-edited-768x1024.jpg\" alt=\"\" class=\"wp-image-755\" srcset=\"https:\/\/thp-naturheilkunde.de\/wp-content\/uploads\/2023\/03\/55bea-edited-768x1024.jpg 768w, https:\/\/thp-naturheilkunde.de\/wp-content\/uploads\/2023\/03\/55bea-edited-225x300.jpg 225w, https:\/\/thp-naturheilkunde.de\/wp-content\/uploads\/2023\/03\/55bea-edited-1152x1536.jpg 1152w, https:\/\/thp-naturheilkunde.de\/wp-content\/uploads\/2023\/03\/55bea-edited-1536x2048.jpg 1536w, https:\/\/thp-naturheilkunde.de\/wp-content\/uploads\/2023\/03\/55bea-edited-1140x1520.jpg 1140w, https:\/\/thp-naturheilkunde.de\/wp-content\/uploads\/2023\/03\/55bea-edited.jpg 1599w\" sizes=\"(max-width: 768px) 100vw, 768px\" \/><\/figure>\n<\/div>\n\n\n\n<div class=\"wp-block-column is-layout-flow wp-block-column-is-layout-flow\">\n<p>Die Bach-Bl\u00fctentherapie, vor mehr als 70 Jahren von dem Waliser Arzt Dr. Edward Bach entwickelt, hat sich l\u00e4ngst als eine verl\u00e4ssliche Naturheilmethode bew\u00e4hrt. Dr. E. Bach entdeckte die <strong>38 Bach-Bl\u00fcten<\/strong> zur Heilung der Seele. Er war davon \u00fcberzeugt, dass diese Bl\u00fcten \u2013 von Blumen, Str\u00e4uchern und B\u00e4umen, sowie das Rock Water \u2013 f\u00fcr die Heilung aller Krankheiten ausreichen. Er setzte sie zur Behandlung von Patienten ein, die an so genannten negativen Gef\u00fchlslagen litten. Darunter fallen: Angst, Unsicherheit, Mangelndes Interesse f\u00fcr die Gegenwart, Einsamkeit, \u00dcberempfindlichkeit f\u00fcr Einfl\u00fcsse und Ideen, Mutlosigkeit, Verzweiflung sowie \u00fcbertriebene Sorge um das Wohl anderer. Diese negativen Gem\u00fctszust\u00e4nde waren laut Bach urs\u00e4chlich daf\u00fcr, dass die Menschen \u00fcberhaupt krank wurden. Als ganzheitliche Heilungsmethode ber\u00fccksichtigt sie gleichzeitig K\u00f6rper und Psyche und erm\u00f6glicht dem komplexen Organismus Tier das Gleichgewicht wieder zu finden.<\/p>\n\n\n\n<p>Bei Tieren lassen sich viele Erkrankungen und Beschwerden, ja sogar Verhaltensst\u00f6rungen wie \u00c4ngste, Unsicherheit oder Probleme im Herdenverband, mit Bachbl\u00fcten therapieren. Nat\u00fcrlich ist hier der ganzheitliche Aspekt nie au\u00dfer acht zu lassen.<\/p>\n\n\n\n<p>Bachbl\u00fctenessenzen werden sowohl in Kombination als auch einzeln verwendet. Alle Essenzen sind miteinander mischbar, jedoch sollten maximal f\u00fcnf Bl\u00fcten gleichzeitig gemischt werden. In den vielen Jahren der Anwendung von Bachbl\u00fcten wurden noch nie Wechselwirkungen mit anderen Medikamenten beobachtet. Ebenso kamen keine unerw\u00fcnschten Effekte vor.<\/p>\n<\/div>\n<\/div>\n\n\n\n<p><\/p>\n","protected":false},"excerpt":{"rendered":"<p>Die Bach-Bl\u00fctentherapie, vor mehr als 70 Jahren von dem Waliser Arzt Dr. Edward Bach entwickelt, hat sich l\u00e4ngst als eine verl\u00e4ssliche Naturheilmethode bew\u00e4hrt. Dr. E. Bach entdeckte die 38 Bach-Bl\u00fcten zur Heilung der Seele. Er war davon \u00fcberzeugt, dass diese Bl\u00fcten \u2013 von Blumen, Str\u00e4uchern und B\u00e4umen, sowie das Rock Water \u2013 f\u00fcr die Heilung aller Krankheiten ausreichen. Er setzte sie zur Behandlung von Patienten ein, die an so genannten negativen Gef\u00fchlslagen litten. Darunter fallen: Angst, Unsicherheit, Mangelndes Interesse f\u00fcr die Gegenwart, Einsamkeit, \u00dcberempfindlichkeit f\u00fcr Einfl\u00fcsse und Ideen, Mutlosigkeit, Verzweiflung sowie \u00fcbertriebene Sorge um das Wohl anderer. Diese negativen Gem\u00fctszust\u00e4nde waren laut Bach urs\u00e4chlich daf\u00fcr, dass die Menschen \u00fcberhaupt krank wurden. Als ganzheitliche Heilungsmethode ber\u00fccksichtigt sie gleichzeitig K\u00f6rper und Psyche und erm\u00f6glicht dem komplexen Organismus Tier das Gleichgewicht wieder zu finden. Bei Tieren lassen sich viele Erkrankungen und Beschwerden, ja sogar Verhaltensst\u00f6rungen wie \u00c4ngste, Unsicherheit oder Probleme im Herdenverband, mit Bachbl\u00fcten therapieren. Nat\u00fcrlich ist hier der ganzheitliche Aspekt nie au\u00dfer acht zu lassen. Bachbl\u00fctenessenzen werden sowohl in Kombination als auch einzeln verwendet. Alle Essenzen sind miteinander mischbar, jedoch sollten maximal f\u00fcnf Bl\u00fcten gleichzeitig gemischt werden. In den vielen Jahren der Anwendung von Bachbl\u00fcten wurden noch nie Wechselwirkungen mit anderen Medikamenten beobachtet. Ebenso kamen keine unerw\u00fcnschten Effekte vor.<\/p>\n","protected":false},"author":1,"featured_media":0,"parent":0,"menu_order":0,"comment_status":"closed","ping_status":"closed","template":"","meta":{"footnotes":""},"class_list":["post-243","page","type-page","status-publish","hentry"],"acf":[],"_links":{"self":[{"href":"https:\/\/thp-naturheilkunde.de\/index.php?rest_route=\/wp\/v2\/pages\/243","targetHints":{"allow":["GET"]}}],"collection":[{"href":"https:\/\/thp-naturheilkunde.de\/index.php?rest_route=\/wp\/v2\/pages"}],"about":[{"href":"https:\/\/thp-naturheilkunde.de\/index.php?rest_route=\/wp\/v2\/types\/page"}],"author":[{"embeddable":true,"href":"https:\/\/thp-naturheilkunde.de\/index.php?rest_route=\/wp\/v2\/users\/1"}],"replies":[{"embeddable":true,"href":"https:\/\/thp-naturheilkunde.de\/index.php?rest_route=%2Fwp%2Fv2%2Fcomments&post=243"}],"version-history":[{"count":5,"href":"https:\/\/thp-naturheilkunde.de\/index.php?rest_route=\/wp\/v2\/pages\/243\/revisions"}],"predecessor-version":[{"id":758,"href":"https:\/\/thp-naturheilkunde.de\/index.php?rest_route=\/wp\/v2\/pages\/243\/revisions\/758"}],"wp:attachment":[{"href":"https:\/\/thp-naturheilkunde.de\/index.php?rest_route=%2Fwp%2Fv2%2Fmedia&parent=243"}],"curies":[{"name":"wp","href":"https:\/\/api.w.org\/{rel}","templated":true}]}}