{"id":230,"date":"2020-02-01T13:47:53","date_gmt":"2020-02-01T13:47:53","guid":{"rendered":"http:\/\/thp-naturheilkunde.de\/?page_id=230"},"modified":"2024-05-06T13:34:50","modified_gmt":"2024-05-06T13:34:50","slug":"lithotherapie","status":"publish","type":"page","link":"https:\/\/thp-naturheilkunde.de\/?page_id=230","title":{"rendered":"Lithotherapie"},"content":{"rendered":"\n<p>Edelsteine faszinierten seit jeher die Menschen in allen Kulturen und \u00fcben eine besondere Anziehungskraft auf uns aus. Die Steinheilkunde blickt auf eine sehr lange Tradition in der Geschichte der Medizin zur\u00fcck. Bereits Griechen und R\u00f6mer verwendeten verschiedene Gesteine in pulverisierter Form zur Behandlung von Krankheiten.<\/p>\n\n\n\n<p>Hildegard\nvon Bingen besch\u00e4ftigte sich intensiv mit den Heilkr\u00e4ften von Mineralien und\nEdelsteinen, genauso wie die traditionellen Medizinlehren im Orient, Indien und\nChina die sich von jeher mit dieser besonderen Therapieform befasst haben.<\/p>\n\n\n\n<p>Die Edelsteintherapie ist also keine neue Heilmethode, sondern basiert auf den \u00dcberlieferungen unserer Vorfahren. So werden den einzelnen Steinen unterschiedliche Heilwirkungen zugeschrieben. Diese Heilkr\u00e4fte haben sie zu einem traditionellen Bestandteil der ganzheitlichen Therapie gemacht und finden in der Edelsteintherapie ihre Anwendung.<\/p>\n\n\n\n<p>Die Erkl\u00e4rungen f\u00fcr diese Kr\u00e4fte sind begr\u00fcndet:<\/p>\n\n\n\n<ul class=\"wp-block-list\">\n<li>in ihrer Entstehung (Prim\u00e4r, Sekund\u00e4r, Terti\u00e4r)<\/li>\n\n\n\n<li>in der Kristallstruktur<\/li>\n\n\n\n<li>in der Mineralklasse<\/li>\n\n\n\n<li>die enthaltenen Mineralstoffen<\/li>\n\n\n\n<li>und den Farben der Steine<\/li>\n<\/ul>\n\n\n\n<p>Wie auch bei Bachbl\u00fcten und der Hom\u00f6opathie, liegt die Wirkungsweise in ihren Schwingungen. Die \u00fcber Jahrtausende und teils von Jahrmillionen aufgenommenen Informationen, teils tief im inneren der Erde, macht ihre heilende Wirkung aus.<\/p>\n\n\n\n<p>Es\ngibt verschiedene M\u00f6glichkeiten, die Heilkr\u00e4fte zu nutzen:<\/p>\n\n\n\n<ul class=\"wp-block-list\">\n<li>als\nAnh\u00e4nger: Es besteht die M\u00f6glichkeit, einen gebohrten Trommelstein mittels\neines Lederbades dem Hund oder der Katze um den Hals zu h\u00e4ngen. Dies ist eine\nder h\u00e4ufigsten und einfachsten Methoden der Anwendung.<\/li>\n<\/ul>\n\n\n\n<ul class=\"wp-block-list\">\n<li>Auflegen:\nEine einfache Anwendungsm\u00f6glichkeit ist das Auflegen von Heilsteinen. Will man\nan bestimmten Stellen, wie z.B. Nierengegend, einen Stein l\u00e4ngere Zeit\nanbringen, kann der Stein mittels einer Bandage fixiert werden. Bei Bedarf kann\nder Heilstein auch in einem Verband mit eingebunden werden oder einfach\naufgeklebt werden. Die Heilsteine k\u00f6nnen auch direkt auf die Chakren aufgelegt\nwerden, um so ihre Kr\u00e4fte wirken zu lassen.<\/li>\n<\/ul>\n\n\n\n<ul class=\"wp-block-list\">\n<li>man kann einen Heilstein auch auf oder unter den Schlafplatz des Tieres legen, allerdings ist es hierbei wichtig, darauf zu achten, dass der Stein gro\u00df genug ist, um vom Tier nicht verschluckt zu werden. Viele lecken gerne den Stein an, mache tragen ihm auch im Maul mit sich.<\/li>\n<\/ul>\n\n\n\n<ul class=\"wp-block-list\">\n<li>im Steinkreis: Dazu legt man vier bis acht gleiche Steine um das Tier und l\u00e4sst es dann etwa zwanzig Minuten im Kreis liegen. Man kann einen Steinkreis auch im K\u00f6rbchen oder auf der Decke des Tieres legen. Diese Anwendung eignet sich besonders bei seelischen Problemen und Traumata. Angst und Unsicherheit l\u00e4sst sich so ebenfalls gut bearbeiten.<\/li>\n<\/ul>\n\n\n\n<ul class=\"wp-block-list\">\n<li>als Edelsteinessenz: Hier ist die innere, sowie \u00e4u\u00dfere Anwendung beim Tier m\u00f6glich.<\/li>\n<\/ul>\n\n\n\n<ul class=\"wp-block-list\">\n<li>als Edelsteinwasser: Edelsteinwasser ist Leitungswasser oder Regenwasser, welches von Edelsteinen umsp\u00fclt wurde oder Wasser, was einige Stunden auf Edelsteinen gezogen hat. <br> Das Wasser nimmt die energetischen Schwingungen der Edelsteine auf und der Energie- und Informationsspeicher des Wassers wird wieder aufgef\u00fcllt. Es wird zudem mit wichtigen Mineralien und Spurenelementen angereichert. <br> Durch das Trinken von Edelsteinwasser kann die Heilwirkung der Steine die inneren Organe optimal erreichen. So k\u00f6nnen alle K\u00f6rperfunktionen aktiviert werden, die Verdauung unterst\u00fctzt und der Stoffwechsel angeregt werden. Selbst eine positive Wirkung auf die Haut kann bei regelm\u00e4\u00dfiger Einnahme die Folge sein. <br>Auch Tiere und Pflanzen erfreuen sich gleicherma\u00dfen an dem selbst gemachten Mineralwasser. Die einfachste und am meisten verbreitete Methode ist es, sich ein Edelsteinwasser in einer Glaskaraffe anzusetzen und es pur zu benutzen.<\/li>\n<\/ul>\n\n\n\n<ul class=\"wp-block-list\">\n<li>Edelsteinbad\/Waschungen: Die Steine geben ihre Mineralstoffe und Spurenelemente an das Wasser ab und ein Bad\/Waschungen hilft vor allem bei Hauterkrankungen oder chronischen Schmerzen.<\/li>\n<\/ul>\n\n\n\n<p>Die\nEdelsteine k\u00f6nnen bei fast allen Krankheiten unterst\u00fctzend eingesetzt werden.\nJe nach ausgew\u00e4hltem Stein wirken sie zum Beispiel auf die inneren Organe, wie\nLeber, Nieren und Herz. Ebenso gut k\u00f6nnen sie aber zur Unterst\u00fctzung der\nKnochen, Sehnen und B\u00e4nder, ja sogar zur St\u00e4rkung der Augen und des Gewebes\neingesetzt werden.<\/p>\n\n\n\n<p>Zur Zeckenabwehr hat sich der Bernstein besonders bew\u00e4hrt.<\/p>\n\n\n\n<p>Gerne helfe ich Ihnen den richtigen Stein f\u00fcr Ihr Tier auszuw\u00e4hlen oder stelle Ihnen eine individuelle Edelsteinessenzenmischung zusammen. <\/p>\n","protected":false},"excerpt":{"rendered":"<p>Edelsteine faszinierten seit jeher die Menschen in allen Kulturen und \u00fcben eine besondere Anziehungskraft auf uns aus. Die Steinheilkunde blickt auf eine sehr lange Tradition in der Geschichte der Medizin zur\u00fcck. Bereits Griechen und R\u00f6mer verwendeten verschiedene Gesteine in pulverisierter Form zur Behandlung von Krankheiten. Hildegard von Bingen besch\u00e4ftigte sich intensiv mit den Heilkr\u00e4ften von Mineralien und Edelsteinen, genauso wie die traditionellen Medizinlehren im Orient, Indien und China die sich von jeher mit dieser besonderen Therapieform befasst haben. Die Edelsteintherapie ist also keine neue Heilmethode, sondern basiert auf den \u00dcberlieferungen unserer Vorfahren. So werden den einzelnen Steinen unterschiedliche Heilwirkungen zugeschrieben. Diese Heilkr\u00e4fte haben sie zu einem traditionellen Bestandteil der ganzheitlichen Therapie gemacht und finden in der Edelsteintherapie ihre Anwendung. Die Erkl\u00e4rungen f\u00fcr diese Kr\u00e4fte sind begr\u00fcndet: Wie auch bei Bachbl\u00fcten und der Hom\u00f6opathie, liegt die Wirkungsweise in ihren Schwingungen. Die \u00fcber Jahrtausende und teils von Jahrmillionen aufgenommenen Informationen, teils tief im inneren der Erde, macht ihre heilende Wirkung aus. Es gibt verschiedene M\u00f6glichkeiten, die Heilkr\u00e4fte zu nutzen: Die Edelsteine k\u00f6nnen bei fast allen Krankheiten unterst\u00fctzend eingesetzt werden. Je nach ausgew\u00e4hltem Stein wirken sie zum Beispiel auf die inneren Organe, wie Leber, Nieren und Herz. Ebenso gut k\u00f6nnen sie aber zur Unterst\u00fctzung der Knochen, Sehnen und B\u00e4nder, ja sogar zur St\u00e4rkung der Augen und des Gewebes eingesetzt werden. Zur Zeckenabwehr hat sich der Bernstein besonders bew\u00e4hrt. Gerne helfe ich Ihnen den richtigen Stein f\u00fcr Ihr Tier auszuw\u00e4hlen oder stelle Ihnen eine individuelle Edelsteinessenzenmischung zusammen.<\/p>\n","protected":false},"author":1,"featured_media":231,"parent":0,"menu_order":0,"comment_status":"closed","ping_status":"closed","template":"","meta":{"footnotes":""},"class_list":["post-230","page","type-page","status-publish","has-post-thumbnail","hentry"],"acf":[],"_links":{"self":[{"href":"https:\/\/thp-naturheilkunde.de\/index.php?rest_route=\/wp\/v2\/pages\/230","targetHints":{"allow":["GET"]}}],"collection":[{"href":"https:\/\/thp-naturheilkunde.de\/index.php?rest_route=\/wp\/v2\/pages"}],"about":[{"href":"https:\/\/thp-naturheilkunde.de\/index.php?rest_route=\/wp\/v2\/types\/page"}],"author":[{"embeddable":true,"href":"https:\/\/thp-naturheilkunde.de\/index.php?rest_route=\/wp\/v2\/users\/1"}],"replies":[{"embeddable":true,"href":"https:\/\/thp-naturheilkunde.de\/index.php?rest_route=%2Fwp%2Fv2%2Fcomments&post=230"}],"version-history":[{"count":10,"href":"https:\/\/thp-naturheilkunde.de\/index.php?rest_route=\/wp\/v2\/pages\/230\/revisions"}],"predecessor-version":[{"id":926,"href":"https:\/\/thp-naturheilkunde.de\/index.php?rest_route=\/wp\/v2\/pages\/230\/revisions\/926"}],"wp:featuredmedia":[{"embeddable":true,"href":"https:\/\/thp-naturheilkunde.de\/index.php?rest_route=\/wp\/v2\/media\/231"}],"wp:attachment":[{"href":"https:\/\/thp-naturheilkunde.de\/index.php?rest_route=%2Fwp%2Fv2%2Fmedia&parent=230"}],"curies":[{"name":"wp","href":"https:\/\/api.w.org\/{rel}","templated":true}]}}