{"id":226,"date":"2020-02-01T13:33:28","date_gmt":"2020-02-01T13:33:28","guid":{"rendered":"http:\/\/thp-naturheilkunde.de\/?page_id=226"},"modified":"2024-05-06T13:27:03","modified_gmt":"2024-05-06T13:27:03","slug":"klassische-homoeopathie","status":"publish","type":"page","link":"https:\/\/thp-naturheilkunde.de\/?page_id=226","title":{"rendered":"Hom\u00f6opathie"},"content":{"rendered":"\n<p>Diese Heilmethode wurde von Dr. Christian Friedrich Samuel Hahnemann (1755\u20131843) begr\u00fcndet und beruht auf Prinzipien, die noch \u00e4lter sind als Hippokrates. Das Wort Hom\u00f6opathie stammt aus dem Griechischen, wobei \u201ehomoios\u201c gleich bedeutet und \u201epathos\u201c Krankheit. In der Hom\u00f6opathie wird der Patient in seiner Ganzheit erfasst, er wird als ein Individuum angesehen, welches aus K\u00f6rper, Geist und Seele besteht. Daher werden nicht nur die Symptome behandelt, sonders Heilung bedeutet vielmehr ein Erkennen der Ursache und eine Wiederherstellung der Lebenskraft.<\/p>\n\n\n\n<p>Dr. Hahnemann entdeckte, dass pflanzliche, tierische und mineralische Substanzen, wenn sie hom\u00f6opathisch aufbereitet (potenziert) werden, die Beschwerden zu heilen verm\u00f6gen, die sie bei Anwendung am Gesunden in ihrem Urzustand verursachen. Er pr\u00e4gte den Satz: \u201eSimilia similibus curentur\u201c \u2013 \u00c4hnliches wird durch \u00c4hnliches geheilt.<\/p>\n\n\n\n<p>Neben den \u00fcber 3.000 gepr\u00fcften Einzelmitteln gibt es auch noch die M\u00f6glichkeit, organspezifisch zusammengestellte Komplexmittel (mehrere hom\u00f6opathische Einzelmittel zusammengefasst) einzusetzen.<\/p>\n","protected":false},"excerpt":{"rendered":"<p>Diese Heilmethode wurde von Dr. Christian Friedrich Samuel Hahnemann (1755\u20131843) begr\u00fcndet und beruht auf Prinzipien, die noch \u00e4lter sind als Hippokrates. Das Wort Hom\u00f6opathie stammt aus dem Griechischen, wobei \u201ehomoios\u201c gleich bedeutet und \u201epathos\u201c Krankheit. In der Hom\u00f6opathie wird der Patient in seiner Ganzheit erfasst, er wird als ein Individuum angesehen, welches aus K\u00f6rper, Geist und Seele besteht. Daher werden nicht nur die Symptome behandelt, sonders Heilung bedeutet vielmehr ein Erkennen der Ursache und eine Wiederherstellung der Lebenskraft. Dr. Hahnemann entdeckte, dass pflanzliche, tierische und mineralische Substanzen, wenn sie hom\u00f6opathisch aufbereitet (potenziert) werden, die Beschwerden zu heilen verm\u00f6gen, die sie bei Anwendung am Gesunden in ihrem Urzustand verursachen. Er pr\u00e4gte den Satz: \u201eSimilia similibus curentur\u201c \u2013 \u00c4hnliches wird durch \u00c4hnliches geheilt. Neben den \u00fcber 3.000 gepr\u00fcften Einzelmitteln gibt es auch noch die M\u00f6glichkeit, organspezifisch zusammengestellte Komplexmittel (mehrere hom\u00f6opathische Einzelmittel zusammengefasst) einzusetzen.<\/p>\n","protected":false},"author":1,"featured_media":873,"parent":0,"menu_order":0,"comment_status":"closed","ping_status":"closed","template":"","meta":{"footnotes":""},"class_list":["post-226","page","type-page","status-publish","has-post-thumbnail","hentry"],"acf":[],"_links":{"self":[{"href":"https:\/\/thp-naturheilkunde.de\/index.php?rest_route=\/wp\/v2\/pages\/226","targetHints":{"allow":["GET"]}}],"collection":[{"href":"https:\/\/thp-naturheilkunde.de\/index.php?rest_route=\/wp\/v2\/pages"}],"about":[{"href":"https:\/\/thp-naturheilkunde.de\/index.php?rest_route=\/wp\/v2\/types\/page"}],"author":[{"embeddable":true,"href":"https:\/\/thp-naturheilkunde.de\/index.php?rest_route=\/wp\/v2\/users\/1"}],"replies":[{"embeddable":true,"href":"https:\/\/thp-naturheilkunde.de\/index.php?rest_route=%2Fwp%2Fv2%2Fcomments&post=226"}],"version-history":[{"count":7,"href":"https:\/\/thp-naturheilkunde.de\/index.php?rest_route=\/wp\/v2\/pages\/226\/revisions"}],"predecessor-version":[{"id":921,"href":"https:\/\/thp-naturheilkunde.de\/index.php?rest_route=\/wp\/v2\/pages\/226\/revisions\/921"}],"wp:featuredmedia":[{"embeddable":true,"href":"https:\/\/thp-naturheilkunde.de\/index.php?rest_route=\/wp\/v2\/media\/873"}],"wp:attachment":[{"href":"https:\/\/thp-naturheilkunde.de\/index.php?rest_route=%2Fwp%2Fv2%2Fmedia&parent=226"}],"curies":[{"name":"wp","href":"https:\/\/api.w.org\/{rel}","templated":true}]}}