{"id":216,"date":"2020-01-29T12:19:00","date_gmt":"2020-01-29T12:19:00","guid":{"rendered":"http:\/\/thp-naturheilkunde.de\/?page_id=216"},"modified":"2023-03-17T09:18:50","modified_gmt":"2023-03-17T09:18:50","slug":"bioresonanztherapie","status":"publish","type":"page","link":"https:\/\/thp-naturheilkunde.de\/?page_id=216","title":{"rendered":"Bioresonanz-Therapie"},"content":{"rendered":"<div class=\"wp-block-image\">\n<figure class=\"aligncenter size-full\"><img fetchpriority=\"high\" decoding=\"async\" width=\"2272\" height=\"1278\" src=\"http:\/\/thp-naturheilkunde.de\/wp-content\/uploads\/2023\/03\/Bioresonanz-Henry-1-edited.jpg\" alt=\"\" class=\"wp-image-746\" srcset=\"https:\/\/thp-naturheilkunde.de\/wp-content\/uploads\/2023\/03\/Bioresonanz-Henry-1-edited.jpg 2272w, https:\/\/thp-naturheilkunde.de\/wp-content\/uploads\/2023\/03\/Bioresonanz-Henry-1-edited-300x169.jpg 300w, https:\/\/thp-naturheilkunde.de\/wp-content\/uploads\/2023\/03\/Bioresonanz-Henry-1-edited-1024x576.jpg 1024w, https:\/\/thp-naturheilkunde.de\/wp-content\/uploads\/2023\/03\/Bioresonanz-Henry-1-edited-768x432.jpg 768w, https:\/\/thp-naturheilkunde.de\/wp-content\/uploads\/2023\/03\/Bioresonanz-Henry-1-edited-1536x864.jpg 1536w, https:\/\/thp-naturheilkunde.de\/wp-content\/uploads\/2023\/03\/Bioresonanz-Henry-1-edited-2048x1152.jpg 2048w, https:\/\/thp-naturheilkunde.de\/wp-content\/uploads\/2023\/03\/Bioresonanz-Henry-1-edited-1140x641.jpg 1140w\" sizes=\"(max-width: 2272px) 100vw, 2272px\" \/><figcaption class=\"wp-element-caption\">Bioresonanzgenie\u00dfer Sir Henry<br><\/figcaption><\/figure><\/div>\n\n\n<div style=\"height:35px\" aria-hidden=\"true\" class=\"wp-block-spacer\"><\/div>\n\n\n\n<p>Bioresonanz, was ist das? Im t\u00e4glichen Leben begegnen wir\nimmer wieder Menschen, die uns sympathisch sind und wir nennen es \u201ewir\nschwimmen auf der gleichen Wellenl\u00e4nge\u201c. Wir f\u00fchlen uns zu diesen Personen\nhingezogen und gehen in Resonanz mit ihnen.<\/p>\n\n\n\n<p>Am einfachsten l\u00e4sst sich Bioresonanz an einem Beispiel aus\nder Natur erkl\u00e4ren. Die \u00e4lteste Form der Bioresonanz ist unser Sonnenlicht.\nGelangt dieses Licht auf unsere Haut, so werden wir braun. Der Grund hierf\u00fcr\nist aber nicht etwa die Erw\u00e4rmung der Haut, sondern der ultraviolette Anteil,\nder im Sonnenlicht enthalten ist. Ultraviolettes Licht mit einer Wellenl\u00e4nge\nvon 10 \u2013 400 nm ist also in der Lage, die Pigmentierung anzuregen. Ein\nRegulationssystem in unserer Haut sorgt daf\u00fcr, dass genau bei der Frequenz des Sonnenlichts\ndie Haut pigmentiert, d. h. braun erscheinen l\u00e4sst.<\/p>\n\n\n\n<p>Das Wort Bioresonanz besteht aus zwei Teilen: zum einen aus\nBIO, welches die Nat\u00fcrlichkeit des Verfahrens unterstreicht und zum anderen aus\ndem Wort RESONANZ, die immer nur dann eintritt, wenn Objekte mit der gleichen\nSchwingung aufeinandertreffen.<\/p>\n\n\n\n<p>Die Bioresonanz-Therapie ist wie die Hom\u00f6opathie oder die Bachbl\u00fctentherapie eine Schwingungstherapie. Jeder Organismus, jede Pflanze, jeder Erreger, aber auch die Organe und die Energiezentren haben ganz spezifische Schwingungen. Auch die Vorg\u00e4nge in und zwischen den K\u00f6rperzellen werden durch bestimmte Energien gesteuert. Energetische Defizite oder Blockaden verhindern Schwingungen und den Energiefluss und f\u00fchren zur Krankheit. Dies ist der Ansatz der Bioresonanz-Therapie.<\/p>\n\n\n\n<p>Sind Blockaden als Folge von Traumata im weitesten Sinne\nentstanden, kommt es zum Ungleichgewicht in den Regulationsmechanismen des\nK\u00f6rpers. Es entsteht eine Disharmonie. Mit einem speziellen, schmerzlosen\nTestverfahren, der Bioresonanz, l\u00e4sst sich herausfinden, ob bestimmte Organe\ngeschw\u00e4cht sind, Allergien oder Unvertr\u00e4glichkeiten vorhanden sind oder ob\nGiftstoffe negative Auswirkungen auf den K\u00f6rper des Tieres haben. So k\u00f6nnen in\nvielen F\u00e4llen schnell die h\u00e4ufig versteckten Ursachen von Beschwerden\nherausgefunden werden. Mithilfe der Bioresonanz k\u00f6nnen aber nicht nur Diagnosen\ngestellt werden, sondern es sind auch direkte Behandlungen m\u00f6glich.<\/p>\n\n\n\n<p>Die Bioresonanztherapie l\u00f6st Blockaden, aktiviert die Organe\nund regt die Ausscheidung der Schlackstoffe an. Als Folge tr\u00e4gt diese Therapie\nzur schnelleren Genesung und zum Wohlbefinden ihres Hundes bei und auch andere\nTherapien bzw. Medikamente beginnen wieder zu greifen. Ohne Nebenwirkungen kann\nder K\u00f6rper genau an der richtigen Stelle in den Prozess der Heilung \u00fcbergehen.<\/p>\n\n\n\n<p>Mit der harmonischen Schwingungsform k\u00f6nnen auch Bakterien, Viren, Parasiten und Hauterkrankungen, wie sie h\u00e4ufig bei Hunden zu finden sind, erfolgreich behandelt werden. Auch chronische Erkrankungen wie Arthrosen, H\u00fcftgelenkdysplasie, Ellenbogendysplasie sowie traumatische Gelenk-, Knochen- und Sehnensch\u00e4den oder R\u00fcckenbeschwerden lassen sich durch die Bioresonanz positiv beeinflussen. Viele Hunde leiden unter Futtermittelunvertr\u00e4glichkeiten, auch hier kann mittels der Bioresonanz geeignetes Futter ausgetestet werden. Selbst Narbenentst\u00f6rungen, z. B. von Kastrationsnarben und Behandlungen von Impfreaktionen sind m\u00f6glich. Bei den Indikationen f\u00fcr die Bioresonanztherapie gibt es keine Grenzen. Besonders gut l\u00e4sst sich der vegetative, psychosomatische Bereich des Tieres ansprechen, sodass Folgeerkrankungen, basierend aus urs\u00e4chlichen vegetativen, psychischen St\u00f6rungen behoben werden k\u00f6nnen.<\/p>\n\n\n\n<p>Da diese Behandlungsform gleichsam auf K\u00f6rper und Psyche wirkt, entspricht sie den Anforderungen einer ganzheitlichen Behandlung.<\/p>\n\n\n\n<p>Damit Hunde mit der Bioresonanz getestet und harmonisiert werden k\u00f6nnen, werden sie auf einen Fl\u00e4chendetektor in Form einer Lederdecke abgelegt, Pferde bekommen den Detektor einfach auf den R\u00fccken gelegt. Es wird ein Kontakt zwischen Patient und Bioresonanzger\u00e4t mittels eines Tr\u00e4gerkabels hergestellt. Anschlie\u00dfend wird das Ger\u00e4t auf verschiedene Frequenzen eingestellt, die mit den einzelnen Organfrequenzen und Funktionskreisen des K\u00f6rpers identisch sind. Sobald die K\u00f6rperschwingung nicht mit der eingestellten Schwingung des Ger\u00e4tes \u00fcbereinstimmt, entsteht eine Resonanz, immer so stark oder schwach, wie die St\u00f6rung im Organismus ausgeweitet ist. Messbar ist das Ganze durch einen Tensor manuell durch den Behandler. Bei der Behandlung wird die Information des Ger\u00e4tes in Form der richtigen Schwingung vom erkrankten Organ aufgenommen. Die gest\u00f6rte Schwingung wird harmonisiert und so die Selbstheilungskr\u00e4fte des K\u00f6rpers aktiviert.<\/p>\n\n\n\n<p>Besonders bei der Therapie unser sensiblen Tiere, k\u00f6nnen mithilfe der Bioresonanz gezielt Krankheiten und Ursachen in Form von Schwingungsblockaden herausgefunden werden und entsprechend \u00fcber den Resonanzaustausch den Heilungsprozess nachhaltig unterst\u00fctzen.<\/p>\n\n\n\n<p>Hunde, Pferde und sogar Katzen reagieren durchweg positiv und mit deutlicher Entspannung auf die Bioresonanz-Therapie. Dieses liegt an dem Gesp\u00fcr der Tiere f\u00fcr die harmonischen Schwingungen. Als Besitzer k\u00f6nnen Sie dieses w\u00e4hrend der Behandlung gut beobachten. \u00c4u\u00dferungen wie \u201eder schl\u00e4ft ja richtig\u201c oder \u201eso entspannt habe ich meinen Hund noch nie gesehen\u201c sind in der Praxis \u00fcblich.<\/p>\n\n\n\n<p>Nicht zuletzt wegen ihrer sanften Schwingungen ist die Bioresonanztherapie mittlerweile fester Bestandteil der Tiertherapie. Die Tiere lieben es einfach und f\u00fcr mich ist es immer wieder sch\u00f6n anzuschauen, Entspannung pur.<\/p>\n\n\n\n<p><strong>Fallbeispiel: L\u00e4hmungserscheinungen aufgrund Borreliose<\/strong><\/p>\n\n\n\n<p>Die Halterin eines 7-j\u00e4hrigen Sheltier\u00fcden wandte sich an\nmich, weil ihr Hund immer wieder unter L\u00e4hmungserscheinungen in der Hinterhand\nlitt. Bei l\u00e4ngeren Spazierg\u00e4ngen machte er den ganzen R\u00fccken steif und w\u00e4hrend\nder Bewegung verschlechterte sich das Gangbild zusehends. Das rechte Hinterbein\nkonnte er zeitweise gar nicht mehr anheben.<\/p>\n\n\n\n<p>Alle R\u00f6ntgenbilder sowie die Computertomografie waren ohne Befund. Allerdings ergab eine Blutuntersuchung vor vier Jahren einen positiven Borrelienbefund.<\/p>\n\n\n\n<p>Der R\u00fcde hatte w\u00e4hrend der letzen vier Jahre immer wiederkehrende Entz\u00fcndungen an der Vorderpfoten und litt oft an Bindehautentz\u00fcndungen mit starkem Tr\u00e4nenfluss.<\/p>\n\n\n\n<p>Aufgrund der st\u00e4ndigen Medikation mit Antibiotika und Schmerztabletten verschlechterte sich sein Zustand so sehr, dass ihm sogar stellenweise das Fell ausfiel. Nachdem auch die vom behandelnden Tierarzt verabreichten Vitaminspritzen nichts mehr bewirkten, wandte sich die Besitzerin an mich.<\/p>\n\n\n\n<p>Ich testete nach der Anamnese alle Frequenzen, vor allem die\nder betroffenen Bereiche und Organe. Schnell konnte ich erkennen, dass\nzahlreiche Nervenst\u00f6rungen die Ursache f\u00fcr seine Beschwerden waren. Auch im\nBereich der Stimmb\u00e4nder und des Herzens ergab die Testung zahlreiche St\u00f6rungen.\nIm weiteren Gespr\u00e4ch mit der Besitzerin erfuhr ich, dass der Hund nach einer\nBissverletzung im letzten Sommer nicht mehr richtig bellen konnte, und dass\nsich aufgrund eines langwierigen Zwingerhustens eine Herzschw\u00e4che eingestellt\nhatte. <\/p>\n\n\n\n<p>Direkt nach der Therapieplanbesprechung begannen wir mit Bioresonanzbehandlung, die auf die Harmonisierung der gest\u00f6rten Frequenzen im K\u00f6rper des Hundes abgestimmt war. Zus\u00e4tzlich zu dieser Therapie wurde ein hom\u00f6opathisches Mittel verabreicht. Bereits nach vier Tagen konnte der Hund durch die Entst\u00f6rung der Stimmb\u00e4nder wieder kraftvoll bellen. Nach weiteren drei Tagen wurde sein Gang wesentlich stabiler und schneller. Er stolperte nicht mehr und konnte sie Hinterbeine wieder richtig anheben. Insgesamt entwickelt er wieder mehr Lebensfreude, forderte seine Besitzer zum Spielen auf und selbst beim Joggen wollte er sie wieder begleiten. Im weiteren Verlauf der Therapie wurde der Hund einmal pro Woche mit Bioresonanz behandelt und vier Wochen nach Beginn der Behandlung begleitet er seine Besitzer sogar zu Bergwanderungen in den Harz. Leider kam es dann zu einem Borrelioseschub, der sich im linken Vorderbein bemerkbar machte. Der R\u00fcde hatte starke Schmerzen und setzte die Pfote fast gar nicht auf. Beide Augen tr\u00e4nten stark, er verweigerte das Futter und schlief sehr viel. Ich setzte erneut die Bioresonanztherapie ein und w\u00e4hlte ein Schmerzmittel aus dem Bereich der TCM. Bereits am n\u00e4chsten Tag war eine deutliche Besserung des Zustandes erkennbar. Der Hund setze die Pfote auf, nahm wieder etwas Futter und die Augen tr\u00e4nten nicht mehr. Wir setzen die Behandlung fort und eine Woche sp\u00e4ter zeigte der Hund keinerlei Beschwerden mehr.<\/p>\n\n\n<div class=\"wp-block-image\">\n<figure class=\"aligncenter size-full\"><img decoding=\"async\" width=\"2560\" height=\"1696\" src=\"http:\/\/thp-naturheilkunde.de\/wp-content\/uploads\/2020\/01\/Bioresonanzbehandlung-Pferd-scaled.jpg\" alt=\"\" class=\"wp-image-220\" srcset=\"https:\/\/thp-naturheilkunde.de\/wp-content\/uploads\/2020\/01\/Bioresonanzbehandlung-Pferd-scaled.jpg 2560w, https:\/\/thp-naturheilkunde.de\/wp-content\/uploads\/2020\/01\/Bioresonanzbehandlung-Pferd-300x199.jpg 300w, https:\/\/thp-naturheilkunde.de\/wp-content\/uploads\/2020\/01\/Bioresonanzbehandlung-Pferd-1024x678.jpg 1024w, https:\/\/thp-naturheilkunde.de\/wp-content\/uploads\/2020\/01\/Bioresonanzbehandlung-Pferd-768x509.jpg 768w, https:\/\/thp-naturheilkunde.de\/wp-content\/uploads\/2020\/01\/Bioresonanzbehandlung-Pferd-1536x1018.jpg 1536w, https:\/\/thp-naturheilkunde.de\/wp-content\/uploads\/2020\/01\/Bioresonanzbehandlung-Pferd-2048x1357.jpg 2048w, https:\/\/thp-naturheilkunde.de\/wp-content\/uploads\/2020\/01\/Bioresonanzbehandlung-Pferd-1600x1060.jpg 1600w\" sizes=\"(max-width: 2560px) 100vw, 2560px\" \/><figcaption class=\"wp-element-caption\">Bioresonanzbehandlung beim Pferd<\/figcaption><\/figure><\/div>","protected":false},"excerpt":{"rendered":"<p>Bioresonanz, was ist das? Im t\u00e4glichen Leben begegnen wir immer wieder Menschen, die uns sympathisch sind und wir nennen es \u201ewir schwimmen auf der gleichen Wellenl\u00e4nge\u201c. Wir f\u00fchlen uns zu diesen Personen hingezogen und gehen in Resonanz mit ihnen. Am einfachsten l\u00e4sst sich Bioresonanz an einem Beispiel aus der Natur erkl\u00e4ren. Die \u00e4lteste Form der Bioresonanz ist unser Sonnenlicht. Gelangt dieses Licht auf unsere Haut, so werden wir braun. Der Grund hierf\u00fcr ist aber nicht etwa die Erw\u00e4rmung der Haut, sondern der ultraviolette Anteil, der im Sonnenlicht enthalten ist. Ultraviolettes Licht mit einer Wellenl\u00e4nge von 10 \u2013 400 nm ist also in der Lage, die Pigmentierung anzuregen. Ein Regulationssystem in unserer Haut sorgt daf\u00fcr, dass genau bei der Frequenz des Sonnenlichts die Haut pigmentiert, d. h. braun erscheinen l\u00e4sst. Das Wort Bioresonanz besteht aus zwei Teilen: zum einen aus BIO, welches die Nat\u00fcrlichkeit des Verfahrens unterstreicht und zum anderen aus dem Wort RESONANZ, die immer nur dann eintritt, wenn Objekte mit der gleichen Schwingung aufeinandertreffen. Die Bioresonanz-Therapie ist wie die Hom\u00f6opathie oder die Bachbl\u00fctentherapie eine Schwingungstherapie. Jeder Organismus, jede Pflanze, jeder Erreger, aber auch die Organe und die Energiezentren haben ganz spezifische Schwingungen. Auch die Vorg\u00e4nge in und zwischen den K\u00f6rperzellen werden durch bestimmte Energien gesteuert. Energetische Defizite oder Blockaden verhindern Schwingungen und den Energiefluss und f\u00fchren zur Krankheit. Dies ist der Ansatz der Bioresonanz-Therapie. Sind Blockaden als Folge von Traumata im weitesten Sinne entstanden, kommt es zum Ungleichgewicht in den Regulationsmechanismen des K\u00f6rpers. Es entsteht eine Disharmonie. Mit einem speziellen, schmerzlosen Testverfahren, der Bioresonanz, l\u00e4sst sich herausfinden, ob bestimmte Organe geschw\u00e4cht sind, Allergien oder Unvertr\u00e4glichkeiten vorhanden sind oder ob Giftstoffe negative Auswirkungen auf den K\u00f6rper des Tieres haben. So k\u00f6nnen in vielen F\u00e4llen schnell die h\u00e4ufig versteckten Ursachen von Beschwerden herausgefunden werden. Mithilfe der Bioresonanz k\u00f6nnen aber nicht nur Diagnosen gestellt werden, sondern es sind auch direkte Behandlungen m\u00f6glich. Die Bioresonanztherapie l\u00f6st Blockaden, aktiviert die Organe und regt die Ausscheidung der Schlackstoffe an. Als Folge tr\u00e4gt diese Therapie zur schnelleren Genesung und zum Wohlbefinden ihres Hundes bei und auch andere Therapien bzw. Medikamente beginnen wieder zu greifen. Ohne Nebenwirkungen kann der K\u00f6rper genau an der richtigen Stelle in den Prozess der Heilung \u00fcbergehen. Mit der harmonischen Schwingungsform k\u00f6nnen auch Bakterien, Viren, Parasiten und Hauterkrankungen, wie sie h\u00e4ufig bei Hunden zu finden sind, erfolgreich behandelt werden. Auch chronische Erkrankungen wie Arthrosen, H\u00fcftgelenkdysplasie, Ellenbogendysplasie sowie traumatische Gelenk-, Knochen- und Sehnensch\u00e4den oder R\u00fcckenbeschwerden lassen sich durch die Bioresonanz positiv beeinflussen. Viele Hunde leiden unter Futtermittelunvertr\u00e4glichkeiten, auch hier kann mittels der Bioresonanz geeignetes Futter ausgetestet werden. Selbst Narbenentst\u00f6rungen, z. B. von Kastrationsnarben und Behandlungen von Impfreaktionen sind m\u00f6glich. Bei den Indikationen f\u00fcr die Bioresonanztherapie gibt es keine Grenzen. Besonders gut l\u00e4sst sich der vegetative, psychosomatische Bereich des Tieres ansprechen, sodass Folgeerkrankungen, basierend aus urs\u00e4chlichen vegetativen, psychischen St\u00f6rungen behoben werden k\u00f6nnen. Da diese Behandlungsform gleichsam auf K\u00f6rper und Psyche wirkt, entspricht sie den Anforderungen einer ganzheitlichen Behandlung. Damit Hunde mit der Bioresonanz getestet und harmonisiert werden k\u00f6nnen, werden sie auf einen Fl\u00e4chendetektor in Form einer Lederdecke abgelegt, Pferde bekommen den Detektor einfach auf den R\u00fccken gelegt. Es wird ein Kontakt zwischen Patient und Bioresonanzger\u00e4t mittels eines Tr\u00e4gerkabels hergestellt. Anschlie\u00dfend wird das Ger\u00e4t auf verschiedene Frequenzen eingestellt, die mit den einzelnen Organfrequenzen und Funktionskreisen des K\u00f6rpers identisch sind. Sobald die K\u00f6rperschwingung nicht mit der eingestellten Schwingung des Ger\u00e4tes \u00fcbereinstimmt, entsteht eine Resonanz, immer so stark oder schwach, wie die St\u00f6rung im Organismus ausgeweitet ist. Messbar ist das Ganze durch einen Tensor manuell durch den Behandler. Bei der Behandlung wird die Information des Ger\u00e4tes in Form der richtigen Schwingung vom erkrankten Organ aufgenommen. Die gest\u00f6rte Schwingung wird harmonisiert und so die Selbstheilungskr\u00e4fte des K\u00f6rpers aktiviert. Besonders bei der Therapie unser sensiblen Tiere, k\u00f6nnen mithilfe der Bioresonanz gezielt Krankheiten und Ursachen in Form von Schwingungsblockaden herausgefunden werden und entsprechend \u00fcber den Resonanzaustausch den Heilungsprozess nachhaltig unterst\u00fctzen. Hunde, Pferde und sogar Katzen reagieren durchweg positiv und mit deutlicher Entspannung auf die Bioresonanz-Therapie. Dieses liegt an dem Gesp\u00fcr der Tiere f\u00fcr die harmonischen Schwingungen. Als Besitzer k\u00f6nnen Sie dieses w\u00e4hrend der Behandlung gut beobachten. \u00c4u\u00dferungen wie \u201eder schl\u00e4ft ja richtig\u201c oder \u201eso entspannt habe ich meinen Hund noch nie gesehen\u201c sind in der Praxis \u00fcblich. Nicht zuletzt wegen ihrer sanften Schwingungen ist die Bioresonanztherapie mittlerweile fester Bestandteil der Tiertherapie. Die Tiere lieben es einfach und f\u00fcr mich ist es immer wieder sch\u00f6n anzuschauen, Entspannung pur. Fallbeispiel: L\u00e4hmungserscheinungen aufgrund Borreliose Die Halterin eines 7-j\u00e4hrigen Sheltier\u00fcden wandte sich an mich, weil ihr Hund immer wieder unter L\u00e4hmungserscheinungen in der Hinterhand litt. Bei l\u00e4ngeren Spazierg\u00e4ngen machte er den ganzen R\u00fccken steif und w\u00e4hrend der Bewegung verschlechterte sich das Gangbild zusehends. Das rechte Hinterbein konnte er zeitweise gar nicht mehr anheben. Alle R\u00f6ntgenbilder sowie die Computertomografie waren ohne Befund. Allerdings ergab eine Blutuntersuchung vor vier Jahren einen positiven Borrelienbefund. Der R\u00fcde hatte w\u00e4hrend der letzen vier Jahre immer wiederkehrende Entz\u00fcndungen an der Vorderpfoten und litt oft an Bindehautentz\u00fcndungen mit starkem Tr\u00e4nenfluss. Aufgrund der st\u00e4ndigen Medikation mit Antibiotika und Schmerztabletten verschlechterte sich sein Zustand so sehr, dass ihm sogar stellenweise das Fell ausfiel. Nachdem auch die vom behandelnden Tierarzt verabreichten Vitaminspritzen nichts mehr bewirkten, wandte sich die Besitzerin an mich. Ich testete nach der Anamnese alle Frequenzen, vor allem die der betroffenen Bereiche und Organe. Schnell konnte ich erkennen, dass zahlreiche Nervenst\u00f6rungen die Ursache f\u00fcr seine Beschwerden waren. Auch im Bereich der Stimmb\u00e4nder und des Herzens ergab die Testung zahlreiche St\u00f6rungen. Im weiteren Gespr\u00e4ch mit der Besitzerin erfuhr ich, dass der Hund nach einer Bissverletzung im letzten Sommer nicht mehr richtig bellen konnte, und dass sich aufgrund eines langwierigen Zwingerhustens eine Herzschw\u00e4che eingestellt hatte. Direkt nach der Therapieplanbesprechung begannen wir mit Bioresonanzbehandlung, die auf die Harmonisierung der gest\u00f6rten Frequenzen im K\u00f6rper des Hundes abgestimmt war. Zus\u00e4tzlich zu dieser Therapie wurde ein hom\u00f6opathisches Mittel verabreicht. Bereits nach vier Tagen konnte der Hund durch die Entst\u00f6rung der Stimmb\u00e4nder wieder kraftvoll bellen. Nach weiteren drei Tagen wurde sein Gang wesentlich stabiler und schneller. Er stolperte nicht mehr und konnte sie Hinterbeine wieder richtig anheben. Insgesamt entwickelt er wieder mehr Lebensfreude, forderte seine Besitzer zum Spielen auf und selbst beim Joggen wollte er sie wieder begleiten. Im weiteren Verlauf der Therapie wurde der Hund einmal pro Woche mit Bioresonanz behandelt und vier Wochen nach Beginn der Behandlung begleitet er seine Besitzer sogar zu Bergwanderungen in den Harz. Leider kam es dann zu einem Borrelioseschub, der sich im linken Vorderbein bemerkbar machte. Der R\u00fcde hatte starke Schmerzen und setzte die Pfote fast gar nicht auf. Beide Augen tr\u00e4nten stark, er verweigerte das Futter und schlief sehr viel. Ich setzte erneut die Bioresonanztherapie ein und w\u00e4hlte ein Schmerzmittel aus dem Bereich der TCM. Bereits am n\u00e4chsten Tag war eine deutliche Besserung des Zustandes erkennbar. Der Hund setze die Pfote auf, nahm wieder etwas Futter und die Augen tr\u00e4nten nicht mehr. Wir setzen die Behandlung fort und eine Woche sp\u00e4ter zeigte der Hund keinerlei Beschwerden mehr.<\/p>\n","protected":false},"author":1,"featured_media":0,"parent":0,"menu_order":0,"comment_status":"closed","ping_status":"closed","template":"","meta":{"footnotes":""},"class_list":["post-216","page","type-page","status-publish","hentry"],"acf":[],"_links":{"self":[{"href":"https:\/\/thp-naturheilkunde.de\/index.php?rest_route=\/wp\/v2\/pages\/216","targetHints":{"allow":["GET"]}}],"collection":[{"href":"https:\/\/thp-naturheilkunde.de\/index.php?rest_route=\/wp\/v2\/pages"}],"about":[{"href":"https:\/\/thp-naturheilkunde.de\/index.php?rest_route=\/wp\/v2\/types\/page"}],"author":[{"embeddable":true,"href":"https:\/\/thp-naturheilkunde.de\/index.php?rest_route=\/wp\/v2\/users\/1"}],"replies":[{"embeddable":true,"href":"https:\/\/thp-naturheilkunde.de\/index.php?rest_route=%2Fwp%2Fv2%2Fcomments&post=216"}],"version-history":[{"count":6,"href":"https:\/\/thp-naturheilkunde.de\/index.php?rest_route=\/wp\/v2\/pages\/216\/revisions"}],"predecessor-version":[{"id":748,"href":"https:\/\/thp-naturheilkunde.de\/index.php?rest_route=\/wp\/v2\/pages\/216\/revisions\/748"}],"wp:attachment":[{"href":"https:\/\/thp-naturheilkunde.de\/index.php?rest_route=%2Fwp%2Fv2%2Fmedia&parent=216"}],"curies":[{"name":"wp","href":"https:\/\/api.w.org\/{rel}","templated":true}]}}