{"id":1009,"date":"2024-05-24T08:29:59","date_gmt":"2024-05-24T08:29:59","guid":{"rendered":"https:\/\/thp-naturheilkunde.de\/?page_id=1009"},"modified":"2024-05-24T08:31:46","modified_gmt":"2024-05-24T08:31:46","slug":"die-craniosacral-therapie","status":"publish","type":"page","link":"https:\/\/thp-naturheilkunde.de\/?page_id=1009","title":{"rendered":"Die Craniosacral-Therapie"},"content":{"rendered":"\n<p>Craniosacral-Therapie ist eine tiefgreifende und intensive K\u00f6rperarbeit die auf allen Ebenen des K\u00f6rpers ausgleichend und harmonisierend wirkt. Sie ist eine von drei S\u00e4ulen der Osteopathie und wurde von dem osteopathischen Arzt William G. Sutherland begr\u00fcndet.<\/p>\n\n\n\n<p>Die Behandlungen basieren auf die Arbeit mit dem craniosacralen Rhythmus, der sich im feinen Pulsieren der Gehirn- und R\u00fcckenmarksfl\u00fcssigkeit zeigt. Dabei unterh\u00e4lt das Craniosacrale-System eine enge Wechselbeziehungen sowohl zum Nerven-, Gef\u00e4\u00df- und Lymphsystem, wie auch zum Hormon-, Atmungs-, Muskel- und Skelettsystem.<\/p>\n\n\n\n<p>Der craniosacrale Rhythmus bei Tieren ist langsamer als beim Menschen. Beim Pferd hat er eine Frequenz von etwa 10 Bewegungen pro Minute. Der craniosacrale Rhythmus hat beim Hund eine Frequenz von 6 bis 8 Bewegungen pro Minute.<\/p>\n\n\n\n<p>Aufgrund von diesem Rhythmus bewegen sich alle Knochen im K\u00f6rper, wie ein Uhrwerk mit vielen Zahnr\u00e4dern. Wenn nun durch Erkrankungen, Traumata, Verspannungen, Blockaden oder Stress dieser Rhythmus aus dem Gleichgewicht ger\u00e4t, setzt sich diese St\u00f6rung in dem gesamten K\u00f6rper fort. So kann die Ursache f\u00fcr Beschwerden ganz woanders liegen, als man zun\u00e4chst vermutet.<\/p>\n\n\n\n<p>Die Craniosakrale Therapie ist f\u00fcr fast alle Arten von Erkrankungen geeignet. Auch jahrelang zur\u00fcck liegende Traumata lassen sich noch als Ursache zum Beispiel f\u00fcr ungekl\u00e4rte Lahmheiten finden.<\/p>\n\n\n\n<p>Selbst unerkl\u00e4rliche Verhaltens\u00e4nderungen mit \u00c4ngsten und Aggression sind nicht selten mit einem Ungleichgewicht im Craniosacral-System begr\u00fcndet.<\/p>\n\n\n\n<p>Noch einmal im \u00dcberblick:<\/p>\n\n\n\n<p><strong><em>Indikationen f\u00fcr die Anwendung der Craniosacral-Therapie<\/em><\/strong><\/p>\n\n\n\n<ul class=\"wp-block-list\">\n<li>alle akuten und chronischen Erkrankungen des Bewegungsapparates<\/li>\n\n\n\n<li>Haltungs- und Stellungsfehler<\/li>\n\n\n\n<li>Verhaltensauff\u00e4lligkeiten (Angst, Nervosit\u00e4t)<\/li>\n\n\n\n<li>Sogenannte \u201eUntugenden\u201c wie Koppen, Weben<\/li>\n\n\n\n<li>Chronische und akute organische Probleme<\/li>\n\n\n\n<li>Stoffwechselkrankheiten<\/li>\n\n\n\n<li>Allergien \/ Immunsystem<\/li>\n\n\n\n<li>Folgen von Verletzungen<\/li>\n\n\n\n<li>Kieferprobleme \/ Z\u00e4hne<\/li>\n\n\n\n<li>und vieles mehr <\/li>\n<\/ul>\n\n\n\n<p>Durch feinf\u00fchligen, sanfte Handgriffe und einer guten Verbindung lassen sie die Tiere sehr gerne auf diese Behandlungen ein. Sie sind dabei tiefenentspannt und schlafen sogar ein, die meisten Pferde g\u00e4hnen und kauen ab.<\/p>\n","protected":false},"excerpt":{"rendered":"<p>Craniosacral-Therapie ist eine tiefgreifende und intensive K\u00f6rperarbeit die auf allen Ebenen des K\u00f6rpers ausgleichend und harmonisierend wirkt. Sie ist eine von drei S\u00e4ulen der Osteopathie und wurde von dem osteopathischen Arzt William G. Sutherland begr\u00fcndet. Die Behandlungen basieren auf die Arbeit mit dem craniosacralen Rhythmus, der sich im feinen Pulsieren der Gehirn- und R\u00fcckenmarksfl\u00fcssigkeit zeigt. Dabei unterh\u00e4lt das Craniosacrale-System eine enge Wechselbeziehungen sowohl zum Nerven-, Gef\u00e4\u00df- und Lymphsystem, wie auch zum Hormon-, Atmungs-, Muskel- und Skelettsystem. Der craniosacrale Rhythmus bei Tieren ist langsamer als beim Menschen. Beim Pferd hat er eine Frequenz von etwa 10 Bewegungen pro Minute. Der craniosacrale Rhythmus hat beim Hund eine Frequenz von 6 bis 8 Bewegungen pro Minute. Aufgrund von diesem Rhythmus bewegen sich alle Knochen im K\u00f6rper, wie ein Uhrwerk mit vielen Zahnr\u00e4dern. Wenn nun durch Erkrankungen, Traumata, Verspannungen, Blockaden oder Stress dieser Rhythmus aus dem Gleichgewicht ger\u00e4t, setzt sich diese St\u00f6rung in dem gesamten K\u00f6rper fort. So kann die Ursache f\u00fcr Beschwerden ganz woanders liegen, als man zun\u00e4chst vermutet. Die Craniosakrale Therapie ist f\u00fcr fast alle Arten von Erkrankungen geeignet. Auch jahrelang zur\u00fcck liegende Traumata lassen sich noch als Ursache zum Beispiel f\u00fcr ungekl\u00e4rte Lahmheiten finden. Selbst unerkl\u00e4rliche Verhaltens\u00e4nderungen mit \u00c4ngsten und Aggression sind nicht selten mit einem Ungleichgewicht im Craniosacral-System begr\u00fcndet. Noch einmal im \u00dcberblick: Indikationen f\u00fcr die Anwendung der Craniosacral-Therapie Durch feinf\u00fchligen, sanfte Handgriffe und einer guten Verbindung lassen sie die Tiere sehr gerne auf diese Behandlungen ein. Sie sind dabei tiefenentspannt und schlafen sogar ein, die meisten Pferde g\u00e4hnen und kauen ab.<\/p>\n","protected":false},"author":1,"featured_media":1010,"parent":0,"menu_order":0,"comment_status":"closed","ping_status":"closed","template":"","meta":{"footnotes":""},"class_list":["post-1009","page","type-page","status-publish","has-post-thumbnail","hentry"],"acf":[],"_links":{"self":[{"href":"https:\/\/thp-naturheilkunde.de\/index.php?rest_route=\/wp\/v2\/pages\/1009","targetHints":{"allow":["GET"]}}],"collection":[{"href":"https:\/\/thp-naturheilkunde.de\/index.php?rest_route=\/wp\/v2\/pages"}],"about":[{"href":"https:\/\/thp-naturheilkunde.de\/index.php?rest_route=\/wp\/v2\/types\/page"}],"author":[{"embeddable":true,"href":"https:\/\/thp-naturheilkunde.de\/index.php?rest_route=\/wp\/v2\/users\/1"}],"replies":[{"embeddable":true,"href":"https:\/\/thp-naturheilkunde.de\/index.php?rest_route=%2Fwp%2Fv2%2Fcomments&post=1009"}],"version-history":[{"count":2,"href":"https:\/\/thp-naturheilkunde.de\/index.php?rest_route=\/wp\/v2\/pages\/1009\/revisions"}],"predecessor-version":[{"id":1017,"href":"https:\/\/thp-naturheilkunde.de\/index.php?rest_route=\/wp\/v2\/pages\/1009\/revisions\/1017"}],"wp:featuredmedia":[{"embeddable":true,"href":"https:\/\/thp-naturheilkunde.de\/index.php?rest_route=\/wp\/v2\/media\/1010"}],"wp:attachment":[{"href":"https:\/\/thp-naturheilkunde.de\/index.php?rest_route=%2Fwp%2Fv2%2Fmedia&parent=1009"}],"curies":[{"name":"wp","href":"https:\/\/api.w.org\/{rel}","templated":true}]}}